{"id":39,"date":"2022-03-12T09:48:58","date_gmt":"2022-03-12T12:48:58","guid":{"rendered":"https:\/\/www.agencialiderdigital.dev.br\/projetos\/dany-bella-moveis\/?post_type=product&#038;p=39"},"modified":"2022-09-05T15:08:57","modified_gmt":"2022-09-05T18:08:57","slug":"nome-do-produto-3","status":"publish","type":"product","link":"https:\/\/www.agencialiderdigital.dev.br\/projetos\/dany-bella-moveis\/produto\/nome-do-produto-3\/","title":{"rendered":"Nome do Produto 7"},"content":{"rendered":"<p>Este \u00e9 um texto meramente fict\u00edcio \u2013 que est\u00e1 sendo usado como demonstrativo do local que seus TEXTOS OFICIAIS ficar\u00e3o. \u00c9 de inteira responsabilidade do cliente que essas \u00e1reas sejam preenchidas com informa\u00e7\u00f5es repassadas ao SETOR DE CRIA\u00c7\u00c3O. Desconsidere o valor dessas informa\u00e7\u00f5es. Lembre-se: o preenchimento dessa \u00e1rea \u00e9 de responsabilidade do cliente.<\/p>\n<p>Este \u00e9 um texto meramente fict\u00edcio \u2013 que est\u00e1 sendo usado como demonstrativo do local que seus TEXTOS OFICIAIS ficar\u00e3o. \u00c9 de inteira responsabilidade do cliente que essas \u00e1reas sejam preenchidas com informa\u00e7\u00f5es repassadas ao SETOR DE CRIA\u00c7\u00c3O. Desconsidere o valor dessas informa\u00e7\u00f5es. Lembre-se: o preenchimento dessa \u00e1rea \u00e9 de responsabilidade do cliente.<\/p>\n","protected":false},"excerpt":{"rendered":"<p>Este \u00e9 um texto meramente fict\u00edcio \u2013 que est\u00e1 sendo usado como demonstrativo do local que seus TEXTOS OFICIAIS ficar\u00e3o. \u00c9 de inteira responsabilidade do cliente que essas \u00e1reas sejam preenchidas com informa\u00e7\u00f5es repassadas ao SETOR DE CRIA\u00c7\u00c3O. Desconsidere o valor dessas informa\u00e7\u00f5es. Lembre-se: o preenchimento dessa \u00e1rea \u00e9 de responsabilidade do cliente. Este \u00e9 [&hellip;]<\/p>\n","protected":false},"featured_media":225,"comment_status":"open","ping_status":"closed","template":"","meta":{"_joinchat":[]},"product_cat":[17,39],"product_tag":[],"class_list":["post-39","product","type-product","status-publish","has-post-thumbnail","hentry","product_cat-promocoes","product_cat-racks","wpbf-post"],"acf":[],"yoast_head":"<!-- This site is optimized with the Yoast SEO plugin v19.6.1 - https:\/\/yoast.com\/wordpress\/plugins\/seo\/ -->\n<title>Nome do Produto 7 - DanyBella Moveis<\/title>\n<meta name=\"robots\" content=\"index, follow, max-snippet:-1, max-image-preview:large, max-video-preview:-1\" \/>\n<link rel=\"canonical\" href=\"https:\/\/www.agencialiderdigital.dev.br\/projetos\/dany-bella-moveis\/produto\/nome-do-produto-3\/\" \/>\n<meta property=\"og:locale\" content=\"pt_BR\" \/>\n<meta property=\"og:type\" content=\"article\" \/>\n<meta property=\"og:title\" content=\"Nome do Produto 7 - DanyBella Moveis\" \/>\n<meta property=\"og:description\" content=\"Este \u00e9 um texto meramente fict\u00edcio \u2013 que est\u00e1 sendo usado como demonstrativo do local que seus TEXTOS OFICIAIS ficar\u00e3o. \u00c9 de inteira responsabilidade do cliente que essas \u00e1reas sejam preenchidas com informa\u00e7\u00f5es repassadas ao SETOR DE CRIA\u00c7\u00c3O. Desconsidere o valor dessas informa\u00e7\u00f5es. Lembre-se: o preenchimento dessa \u00e1rea \u00e9 de responsabilidade do cliente. Este \u00e9 [&hellip;]\" \/>\n<meta property=\"og:url\" content=\"https:\/\/www.agencialiderdigital.dev.br\/projetos\/dany-bella-moveis\/produto\/nome-do-produto-3\/\" \/>\n<meta property=\"og:site_name\" content=\"DanyBella Moveis\" \/>\n<meta property=\"article:modified_time\" content=\"2022-09-05T18:08:57+00:00\" \/>\n<meta property=\"og:image\" content=\"https:\/\/www.agencialiderdigital.dev.br\/projetos\/dany-bella-moveis\/wp-content\/uploads\/2022\/03\/cama1-1.png\" \/>\n\t<meta property=\"og:image:width\" content=\"269\" \/>\n\t<meta property=\"og:image:height\" content=\"393\" \/>\n\t<meta property=\"og:image:type\" content=\"image\/png\" \/>\n<meta name=\"twitter:card\" content=\"summary_large_image\" \/>\n<meta name=\"twitter:label1\" content=\"Est. tempo de leitura\" \/>\n\t<meta name=\"twitter:data1\" content=\"1 minuto\" \/>\n<script type=\"application\/ld+json\" class=\"yoast-schema-graph\">{\"@context\":\"https:\/\/schema.org\",\"@graph\":[{\"@type\":\"WebPage\",\"@id\":\"https:\/\/www.agencialiderdigital.dev.br\/projetos\/dany-bella-moveis\/produto\/nome-do-produto-3\/\",\"url\":\"https:\/\/www.agencialiderdigital.dev.br\/projetos\/dany-bella-moveis\/produto\/nome-do-produto-3\/\",\"name\":\"Nome do Produto 7 - DanyBella Moveis\",\"isPartOf\":{\"@id\":\"https:\/\/www.agencialiderdigital.dev.br\/projetos\/dany-bella-moveis\/#website\"},\"datePublished\":\"2022-03-12T12:48:58+00:00\",\"dateModified\":\"2022-09-05T18:08:57+00:00\",\"breadcrumb\":{\"@id\":\"https:\/\/www.agencialiderdigital.dev.br\/projetos\/dany-bella-moveis\/produto\/nome-do-produto-3\/#breadcrumb\"},\"inLanguage\":\"pt-BR\",\"potentialAction\":[{\"@type\":\"ReadAction\",\"target\":[\"https:\/\/www.agencialiderdigital.dev.br\/projetos\/dany-bella-moveis\/produto\/nome-do-produto-3\/\"]}]},{\"@type\":\"BreadcrumbList\",\"@id\":\"https:\/\/www.agencialiderdigital.dev.br\/projetos\/dany-bella-moveis\/produto\/nome-do-produto-3\/#breadcrumb\",\"itemListElement\":[{\"@type\":\"ListItem\",\"position\":1,\"name\":\"Home\",\"item\":\"https:\/\/www.agencialiderdigital.dev.br\/projetos\/dany-bella-moveis\/\"},{\"@type\":\"ListItem\",\"position\":2,\"name\":\"Loja\",\"item\":\"https:\/\/www.agencialiderdigital.dev.br\/projetos\/dany-bella-moveis\/loja\/\"},{\"@type\":\"ListItem\",\"position\":3,\"name\":\"Nome do Produto 7\"}]},{\"@type\":\"WebSite\",\"@id\":\"https:\/\/www.agencialiderdigital.dev.br\/projetos\/dany-bella-moveis\/#website\",\"url\":\"https:\/\/www.agencialiderdigital.dev.br\/projetos\/dany-bella-moveis\/\",\"name\":\"DanyBella Moveis\",\"description\":\"Loja Profissional\",\"publisher\":{\"@id\":\"https:\/\/www.agencialiderdigital.dev.br\/projetos\/dany-bella-moveis\/#organization\"},\"potentialAction\":[{\"@type\":\"SearchAction\",\"target\":{\"@type\":\"EntryPoint\",\"urlTemplate\":\"https:\/\/www.agencialiderdigital.dev.br\/projetos\/dany-bella-moveis\/?s={search_term_string}\"},\"query-input\":\"required name=search_term_string\"}],\"inLanguage\":\"pt-BR\"},{\"@type\":\"Organization\",\"@id\":\"https:\/\/www.agencialiderdigital.dev.br\/projetos\/dany-bella-moveis\/#organization\",\"name\":\"DanyBella Moveis\",\"url\":\"https:\/\/www.agencialiderdigital.dev.br\/projetos\/dany-bella-moveis\/\",\"sameAs\":[],\"logo\":{\"@type\":\"ImageObject\",\"inLanguage\":\"pt-BR\",\"@id\":\"https:\/\/www.agencialiderdigital.dev.br\/projetos\/dany-bella-moveis\/#\/schema\/logo\/image\/\",\"url\":\"https:\/\/www.agencialiderdigital.dev.br\/projetos\/dany-bella-moveis\/wp-content\/uploads\/2022\/03\/logo-principal.png\",\"contentUrl\":\"https:\/\/www.agencialiderdigital.dev.br\/projetos\/dany-bella-moveis\/wp-content\/uploads\/2022\/03\/logo-principal.png\",\"width\":251,\"height\":65,\"caption\":\"DanyBella Moveis\"},\"image\":{\"@id\":\"https:\/\/www.agencialiderdigital.dev.br\/projetos\/dany-bella-moveis\/#\/schema\/logo\/image\/\"}}]}<\/script>\n<!-- \/ Yoast SEO plugin. -->","yoast_head_json":{"title":"Nome do Produto 7 - DanyBella Moveis","robots":{"index":"index","follow":"follow","max-snippet":"max-snippet:-1","max-image-preview":"max-image-preview:large","max-video-preview":"max-video-preview:-1"},"canonical":"https:\/\/www.agencialiderdigital.dev.br\/projetos\/dany-bella-moveis\/produto\/nome-do-produto-3\/","og_locale":"pt_BR","og_type":"article","og_title":"Nome do Produto 7 - DanyBella Moveis","og_description":"Este \u00e9 um texto meramente fict\u00edcio \u2013 que est\u00e1 sendo usado como demonstrativo do local que seus TEXTOS OFICIAIS ficar\u00e3o. \u00c9 de inteira responsabilidade do cliente que essas \u00e1reas sejam preenchidas com informa\u00e7\u00f5es repassadas ao SETOR DE CRIA\u00c7\u00c3O. Desconsidere o valor dessas informa\u00e7\u00f5es. Lembre-se: o preenchimento dessa \u00e1rea \u00e9 de responsabilidade do cliente. Este \u00e9 [&hellip;]","og_url":"https:\/\/www.agencialiderdigital.dev.br\/projetos\/dany-bella-moveis\/produto\/nome-do-produto-3\/","og_site_name":"DanyBella Moveis","article_modified_time":"2022-09-05T18:08:57+00:00","og_image":[{"width":269,"height":393,"url":"https:\/\/www.agencialiderdigital.dev.br\/projetos\/dany-bella-moveis\/wp-content\/uploads\/2022\/03\/cama1-1.png","type":"image\/png"}],"twitter_card":"summary_large_image","twitter_misc":{"Est. tempo de leitura":"1 minuto"},"schema":{"@context":"https:\/\/schema.org","@graph":[{"@type":"WebPage","@id":"https:\/\/www.agencialiderdigital.dev.br\/projetos\/dany-bella-moveis\/produto\/nome-do-produto-3\/","url":"https:\/\/www.agencialiderdigital.dev.br\/projetos\/dany-bella-moveis\/produto\/nome-do-produto-3\/","name":"Nome do Produto 7 - DanyBella Moveis","isPartOf":{"@id":"https:\/\/www.agencialiderdigital.dev.br\/projetos\/dany-bella-moveis\/#website"},"datePublished":"2022-03-12T12:48:58+00:00","dateModified":"2022-09-05T18:08:57+00:00","breadcrumb":{"@id":"https:\/\/www.agencialiderdigital.dev.br\/projetos\/dany-bella-moveis\/produto\/nome-do-produto-3\/#breadcrumb"},"inLanguage":"pt-BR","potentialAction":[{"@type":"ReadAction","target":["https:\/\/www.agencialiderdigital.dev.br\/projetos\/dany-bella-moveis\/produto\/nome-do-produto-3\/"]}]},{"@type":"BreadcrumbList","@id":"https:\/\/www.agencialiderdigital.dev.br\/projetos\/dany-bella-moveis\/produto\/nome-do-produto-3\/#breadcrumb","itemListElement":[{"@type":"ListItem","position":1,"name":"Home","item":"https:\/\/www.agencialiderdigital.dev.br\/projetos\/dany-bella-moveis\/"},{"@type":"ListItem","position":2,"name":"Loja","item":"https:\/\/www.agencialiderdigital.dev.br\/projetos\/dany-bella-moveis\/loja\/"},{"@type":"ListItem","position":3,"name":"Nome do Produto 7"}]},{"@type":"WebSite","@id":"https:\/\/www.agencialiderdigital.dev.br\/projetos\/dany-bella-moveis\/#website","url":"https:\/\/www.agencialiderdigital.dev.br\/projetos\/dany-bella-moveis\/","name":"DanyBella Moveis","description":"Loja Profissional","publisher":{"@id":"https:\/\/www.agencialiderdigital.dev.br\/projetos\/dany-bella-moveis\/#organization"},"potentialAction":[{"@type":"SearchAction","target":{"@type":"EntryPoint","urlTemplate":"https:\/\/www.agencialiderdigital.dev.br\/projetos\/dany-bella-moveis\/?s={search_term_string}"},"query-input":"required name=search_term_string"}],"inLanguage":"pt-BR"},{"@type":"Organization","@id":"https:\/\/www.agencialiderdigital.dev.br\/projetos\/dany-bella-moveis\/#organization","name":"DanyBella Moveis","url":"https:\/\/www.agencialiderdigital.dev.br\/projetos\/dany-bella-moveis\/","sameAs":[],"logo":{"@type":"ImageObject","inLanguage":"pt-BR","@id":"https:\/\/www.agencialiderdigital.dev.br\/projetos\/dany-bella-moveis\/#\/schema\/logo\/image\/","url":"https:\/\/www.agencialiderdigital.dev.br\/projetos\/dany-bella-moveis\/wp-content\/uploads\/2022\/03\/logo-principal.png","contentUrl":"https:\/\/www.agencialiderdigital.dev.br\/projetos\/dany-bella-moveis\/wp-content\/uploads\/2022\/03\/logo-principal.png","width":251,"height":65,"caption":"DanyBella Moveis"},"image":{"@id":"https:\/\/www.agencialiderdigital.dev.br\/projetos\/dany-bella-moveis\/#\/schema\/logo\/image\/"}}]}},"_links":{"self":[{"href":"https:\/\/www.agencialiderdigital.dev.br\/projetos\/dany-bella-moveis\/wp-json\/wp\/v2\/product\/39","targetHints":{"allow":["GET"]}}],"collection":[{"href":"https:\/\/www.agencialiderdigital.dev.br\/projetos\/dany-bella-moveis\/wp-json\/wp\/v2\/product"}],"about":[{"href":"https:\/\/www.agencialiderdigital.dev.br\/projetos\/dany-bella-moveis\/wp-json\/wp\/v2\/types\/product"}],"replies":[{"embeddable":true,"href":"https:\/\/www.agencialiderdigital.dev.br\/projetos\/dany-bella-moveis\/wp-json\/wp\/v2\/comments?post=39"}],"wp:featuredmedia":[{"embeddable":true,"href":"https:\/\/www.agencialiderdigital.dev.br\/projetos\/dany-bella-moveis\/wp-json\/wp\/v2\/media\/225"}],"wp:attachment":[{"href":"https:\/\/www.agencialiderdigital.dev.br\/projetos\/dany-bella-moveis\/wp-json\/wp\/v2\/media?parent=39"}],"wp:term":[{"taxonomy":"product_cat","embeddable":true,"href":"https:\/\/www.agencialiderdigital.dev.br\/projetos\/dany-bella-moveis\/wp-json\/wp\/v2\/product_cat?post=39"},{"taxonomy":"product_tag","embeddable":true,"href":"https:\/\/www.agencialiderdigital.dev.br\/projetos\/dany-bella-moveis\/wp-json\/wp\/v2\/product_tag?post=39"}],"curies":[{"name":"wp","href":"https:\/\/api.w.org\/{rel}","templated":true}]}}