{"id":3,"date":"2022-03-12T11:53:36","date_gmt":"2022-03-12T11:53:36","guid":{"rendered":"https:\/\/www.agencialiderdigital.dev.br\/projetos\/dany-bella-moveis\/?page_id=3"},"modified":"2022-03-12T12:16:11","modified_gmt":"2022-03-12T12:16:11","slug":"politica-de-privacidade","status":"publish","type":"page","link":"https:\/\/www.agencialiderdigital.dev.br\/projetos\/dany-bella-moveis\/politica-de-privacidade\/","title":{"rendered":"Pol\u00edtica de Privacidade"},"content":{"rendered":"<p>N\u00f3s temos o compromisso com a privacidade e a seguran\u00e7a de seus clientes durante todo o processo de navega\u00e7\u00e3o e compra. Os dados cadastrais dos clientes n\u00e3o s\u00e3o vendidos, trocados ou divulgados para terceiros, exceto quando essas informa\u00e7\u00f5es s\u00e3o necess\u00e1rias para o processo de entrega ou para cobran\u00e7a.<\/p>\n<p>Informa\u00e7\u00f5es protegidas<\/p>\n<p>O site possui um moderno sistema de seguran\u00e7a de criptografia para transa\u00e7\u00f5es na internet, o que torna o site seguro para vendas na rede mundial de computadores. A valida\u00e7\u00e3o \u00e9 baseada na utiliza\u00e7\u00e3o de um certificado digital emitido pela Thawte (uma das principais empresas de seguran\u00e7a na internet do mundo) que garante a identidade e seguran\u00e7a em toda loja virtual.<\/p>\n<p>Quando voc\u00ea acessa nosso site, as informa\u00e7\u00f5es s\u00e3o criptografadas e s\u00f3 ser\u00e3o reconhecidas pelo nosso servidor, garantindo assim o sigilo de todos os seus dados.<\/p>\n<p>As informa\u00e7\u00f5es de cart\u00f5es de cr\u00e9dito n\u00e3o s\u00e3o armazenadas em nossos servidores e todo o processo de aprova\u00e7\u00e3o \u00e9 feito diretamente com as Administradoras de Cart\u00f5es e Bancos.<\/p>\n<p>Nossa Pol\u00edtica de Privacidade e Seguran\u00e7a \u00e9 amparada no C\u00f3digo de Defesa do Consumidor, principal lei que rege os direitos dos consumidores no Brasil, bem como \u00e9 validada por nosso Departamento Jur\u00eddico.<\/p>\n","protected":false},"excerpt":{"rendered":"<p>N\u00f3s temos o compromisso com a privacidade e a seguran\u00e7a de seus clientes durante todo o processo de navega\u00e7\u00e3o e compra. Os dados cadastrais dos clientes n\u00e3o s\u00e3o vendidos, trocados ou divulgados para terceiros, exceto quando essas informa\u00e7\u00f5es s\u00e3o necess\u00e1rias para o processo de entrega ou para cobran\u00e7a. Informa\u00e7\u00f5es protegidas O site possui um moderno [&hellip;]<\/p>\n","protected":false},"author":1,"featured_media":0,"parent":0,"menu_order":0,"comment_status":"closed","ping_status":"closed","template":"","meta":{"_joinchat":[],"footnotes":""},"class_list":["post-3","page","type-page","status-publish","hentry","wpbf-post"],"acf":[],"yoast_head":"<!-- This site is optimized with the Yoast SEO plugin v19.6.1 - https:\/\/yoast.com\/wordpress\/plugins\/seo\/ -->\n<title>Pol\u00edtica de Privacidade - DanyBella Moveis<\/title>\n<meta name=\"robots\" content=\"index, follow, max-snippet:-1, max-image-preview:large, max-video-preview:-1\" \/>\n<link rel=\"canonical\" href=\"https:\/\/www.agencialiderdigital.dev.br\/projetos\/dany-bella-moveis\/politica-de-privacidade\/\" \/>\n<meta property=\"og:locale\" content=\"pt_BR\" \/>\n<meta property=\"og:type\" content=\"article\" \/>\n<meta property=\"og:title\" content=\"Pol\u00edtica de Privacidade - DanyBella Moveis\" \/>\n<meta property=\"og:description\" content=\"N\u00f3s temos o compromisso com a privacidade e a seguran\u00e7a de seus clientes durante todo o processo de navega\u00e7\u00e3o e compra. Os dados cadastrais dos clientes n\u00e3o s\u00e3o vendidos, trocados ou divulgados para terceiros, exceto quando essas informa\u00e7\u00f5es s\u00e3o necess\u00e1rias para o processo de entrega ou para cobran\u00e7a. Informa\u00e7\u00f5es protegidas O site possui um moderno [&hellip;]\" \/>\n<meta property=\"og:url\" content=\"https:\/\/www.agencialiderdigital.dev.br\/projetos\/dany-bella-moveis\/politica-de-privacidade\/\" \/>\n<meta property=\"og:site_name\" content=\"DanyBella Moveis\" \/>\n<meta property=\"article:modified_time\" content=\"2022-03-12T12:16:11+00:00\" \/>\n<meta name=\"twitter:card\" content=\"summary_large_image\" \/>\n<meta name=\"twitter:label1\" content=\"Est. tempo de leitura\" \/>\n\t<meta name=\"twitter:data1\" content=\"2 minutos\" \/>\n<script type=\"application\/ld+json\" class=\"yoast-schema-graph\">{\"@context\":\"https:\/\/schema.org\",\"@graph\":[{\"@type\":\"WebPage\",\"@id\":\"https:\/\/www.agencialiderdigital.dev.br\/projetos\/dany-bella-moveis\/politica-de-privacidade\/\",\"url\":\"https:\/\/www.agencialiderdigital.dev.br\/projetos\/dany-bella-moveis\/politica-de-privacidade\/\",\"name\":\"Pol\u00edtica de Privacidade - DanyBella Moveis\",\"isPartOf\":{\"@id\":\"https:\/\/www.agencialiderdigital.dev.br\/projetos\/dany-bella-moveis\/#website\"},\"datePublished\":\"2022-03-12T11:53:36+00:00\",\"dateModified\":\"2022-03-12T12:16:11+00:00\",\"breadcrumb\":{\"@id\":\"https:\/\/www.agencialiderdigital.dev.br\/projetos\/dany-bella-moveis\/politica-de-privacidade\/#breadcrumb\"},\"inLanguage\":\"pt-BR\",\"potentialAction\":[{\"@type\":\"ReadAction\",\"target\":[\"https:\/\/www.agencialiderdigital.dev.br\/projetos\/dany-bella-moveis\/politica-de-privacidade\/\"]}]},{\"@type\":\"BreadcrumbList\",\"@id\":\"https:\/\/www.agencialiderdigital.dev.br\/projetos\/dany-bella-moveis\/politica-de-privacidade\/#breadcrumb\",\"itemListElement\":[{\"@type\":\"ListItem\",\"position\":1,\"name\":\"Home\",\"item\":\"https:\/\/www.agencialiderdigital.dev.br\/projetos\/dany-bella-moveis\/\"},{\"@type\":\"ListItem\",\"position\":2,\"name\":\"Pol\u00edtica de Privacidade\"}]},{\"@type\":\"WebSite\",\"@id\":\"https:\/\/www.agencialiderdigital.dev.br\/projetos\/dany-bella-moveis\/#website\",\"url\":\"https:\/\/www.agencialiderdigital.dev.br\/projetos\/dany-bella-moveis\/\",\"name\":\"DanyBella Moveis\",\"description\":\"Loja Profissional\",\"publisher\":{\"@id\":\"https:\/\/www.agencialiderdigital.dev.br\/projetos\/dany-bella-moveis\/#organization\"},\"potentialAction\":[{\"@type\":\"SearchAction\",\"target\":{\"@type\":\"EntryPoint\",\"urlTemplate\":\"https:\/\/www.agencialiderdigital.dev.br\/projetos\/dany-bella-moveis\/?s={search_term_string}\"},\"query-input\":\"required name=search_term_string\"}],\"inLanguage\":\"pt-BR\"},{\"@type\":\"Organization\",\"@id\":\"https:\/\/www.agencialiderdigital.dev.br\/projetos\/dany-bella-moveis\/#organization\",\"name\":\"DanyBella Moveis\",\"url\":\"https:\/\/www.agencialiderdigital.dev.br\/projetos\/dany-bella-moveis\/\",\"sameAs\":[],\"logo\":{\"@type\":\"ImageObject\",\"inLanguage\":\"pt-BR\",\"@id\":\"https:\/\/www.agencialiderdigital.dev.br\/projetos\/dany-bella-moveis\/#\/schema\/logo\/image\/\",\"url\":\"https:\/\/www.agencialiderdigital.dev.br\/projetos\/dany-bella-moveis\/wp-content\/uploads\/2022\/03\/logo-principal.png\",\"contentUrl\":\"https:\/\/www.agencialiderdigital.dev.br\/projetos\/dany-bella-moveis\/wp-content\/uploads\/2022\/03\/logo-principal.png\",\"width\":251,\"height\":65,\"caption\":\"DanyBella Moveis\"},\"image\":{\"@id\":\"https:\/\/www.agencialiderdigital.dev.br\/projetos\/dany-bella-moveis\/#\/schema\/logo\/image\/\"}}]}<\/script>\n<!-- \/ Yoast SEO plugin. -->","yoast_head_json":{"title":"Pol\u00edtica de Privacidade - DanyBella Moveis","robots":{"index":"index","follow":"follow","max-snippet":"max-snippet:-1","max-image-preview":"max-image-preview:large","max-video-preview":"max-video-preview:-1"},"canonical":"https:\/\/www.agencialiderdigital.dev.br\/projetos\/dany-bella-moveis\/politica-de-privacidade\/","og_locale":"pt_BR","og_type":"article","og_title":"Pol\u00edtica de Privacidade - DanyBella Moveis","og_description":"N\u00f3s temos o compromisso com a privacidade e a seguran\u00e7a de seus clientes durante todo o processo de navega\u00e7\u00e3o e compra. Os dados cadastrais dos clientes n\u00e3o s\u00e3o vendidos, trocados ou divulgados para terceiros, exceto quando essas informa\u00e7\u00f5es s\u00e3o necess\u00e1rias para o processo de entrega ou para cobran\u00e7a. Informa\u00e7\u00f5es protegidas O site possui um moderno [&hellip;]","og_url":"https:\/\/www.agencialiderdigital.dev.br\/projetos\/dany-bella-moveis\/politica-de-privacidade\/","og_site_name":"DanyBella Moveis","article_modified_time":"2022-03-12T12:16:11+00:00","twitter_card":"summary_large_image","twitter_misc":{"Est. tempo de leitura":"2 minutos"},"schema":{"@context":"https:\/\/schema.org","@graph":[{"@type":"WebPage","@id":"https:\/\/www.agencialiderdigital.dev.br\/projetos\/dany-bella-moveis\/politica-de-privacidade\/","url":"https:\/\/www.agencialiderdigital.dev.br\/projetos\/dany-bella-moveis\/politica-de-privacidade\/","name":"Pol\u00edtica de Privacidade - DanyBella Moveis","isPartOf":{"@id":"https:\/\/www.agencialiderdigital.dev.br\/projetos\/dany-bella-moveis\/#website"},"datePublished":"2022-03-12T11:53:36+00:00","dateModified":"2022-03-12T12:16:11+00:00","breadcrumb":{"@id":"https:\/\/www.agencialiderdigital.dev.br\/projetos\/dany-bella-moveis\/politica-de-privacidade\/#breadcrumb"},"inLanguage":"pt-BR","potentialAction":[{"@type":"ReadAction","target":["https:\/\/www.agencialiderdigital.dev.br\/projetos\/dany-bella-moveis\/politica-de-privacidade\/"]}]},{"@type":"BreadcrumbList","@id":"https:\/\/www.agencialiderdigital.dev.br\/projetos\/dany-bella-moveis\/politica-de-privacidade\/#breadcrumb","itemListElement":[{"@type":"ListItem","position":1,"name":"Home","item":"https:\/\/www.agencialiderdigital.dev.br\/projetos\/dany-bella-moveis\/"},{"@type":"ListItem","position":2,"name":"Pol\u00edtica de Privacidade"}]},{"@type":"WebSite","@id":"https:\/\/www.agencialiderdigital.dev.br\/projetos\/dany-bella-moveis\/#website","url":"https:\/\/www.agencialiderdigital.dev.br\/projetos\/dany-bella-moveis\/","name":"DanyBella Moveis","description":"Loja Profissional","publisher":{"@id":"https:\/\/www.agencialiderdigital.dev.br\/projetos\/dany-bella-moveis\/#organization"},"potentialAction":[{"@type":"SearchAction","target":{"@type":"EntryPoint","urlTemplate":"https:\/\/www.agencialiderdigital.dev.br\/projetos\/dany-bella-moveis\/?s={search_term_string}"},"query-input":"required name=search_term_string"}],"inLanguage":"pt-BR"},{"@type":"Organization","@id":"https:\/\/www.agencialiderdigital.dev.br\/projetos\/dany-bella-moveis\/#organization","name":"DanyBella Moveis","url":"https:\/\/www.agencialiderdigital.dev.br\/projetos\/dany-bella-moveis\/","sameAs":[],"logo":{"@type":"ImageObject","inLanguage":"pt-BR","@id":"https:\/\/www.agencialiderdigital.dev.br\/projetos\/dany-bella-moveis\/#\/schema\/logo\/image\/","url":"https:\/\/www.agencialiderdigital.dev.br\/projetos\/dany-bella-moveis\/wp-content\/uploads\/2022\/03\/logo-principal.png","contentUrl":"https:\/\/www.agencialiderdigital.dev.br\/projetos\/dany-bella-moveis\/wp-content\/uploads\/2022\/03\/logo-principal.png","width":251,"height":65,"caption":"DanyBella Moveis"},"image":{"@id":"https:\/\/www.agencialiderdigital.dev.br\/projetos\/dany-bella-moveis\/#\/schema\/logo\/image\/"}}]}},"_links":{"self":[{"href":"https:\/\/www.agencialiderdigital.dev.br\/projetos\/dany-bella-moveis\/wp-json\/wp\/v2\/pages\/3","targetHints":{"allow":["GET"]}}],"collection":[{"href":"https:\/\/www.agencialiderdigital.dev.br\/projetos\/dany-bella-moveis\/wp-json\/wp\/v2\/pages"}],"about":[{"href":"https:\/\/www.agencialiderdigital.dev.br\/projetos\/dany-bella-moveis\/wp-json\/wp\/v2\/types\/page"}],"author":[{"embeddable":true,"href":"https:\/\/www.agencialiderdigital.dev.br\/projetos\/dany-bella-moveis\/wp-json\/wp\/v2\/users\/1"}],"replies":[{"embeddable":true,"href":"https:\/\/www.agencialiderdigital.dev.br\/projetos\/dany-bella-moveis\/wp-json\/wp\/v2\/comments?post=3"}],"version-history":[{"count":2,"href":"https:\/\/www.agencialiderdigital.dev.br\/projetos\/dany-bella-moveis\/wp-json\/wp\/v2\/pages\/3\/revisions"}],"predecessor-version":[{"id":30,"href":"https:\/\/www.agencialiderdigital.dev.br\/projetos\/dany-bella-moveis\/wp-json\/wp\/v2\/pages\/3\/revisions\/30"}],"wp:attachment":[{"href":"https:\/\/www.agencialiderdigital.dev.br\/projetos\/dany-bella-moveis\/wp-json\/wp\/v2\/media?parent=3"}],"curies":[{"name":"wp","href":"https:\/\/api.w.org\/{rel}","templated":true}]}}