{"id":18,"date":"2022-03-12T12:05:50","date_gmt":"2022-03-12T12:05:50","guid":{"rendered":"https:\/\/www.agencialiderdigital.dev.br\/projetos\/dany-bella-moveis\/?page_id=18"},"modified":"2022-09-06T12:30:59","modified_gmt":"2022-09-06T15:30:59","slug":"quem-somos","status":"publish","type":"page","link":"https:\/\/www.agencialiderdigital.dev.br\/projetos\/dany-bella-moveis\/quem-somos\/","title":{"rendered":"Quem Somos"},"content":{"rendered":"\t\t<div data-elementor-type=\"wp-page\" data-elementor-id=\"18\" class=\"elementor elementor-18\">\n\t\t\t\t\t\t\t\t\t<section class=\"elementor-section elementor-top-section elementor-element elementor-element-2432feb elementor-section-boxed elementor-section-height-default elementor-section-height-default\" data-id=\"2432feb\" data-element_type=\"section\">\n\t\t\t\t\t\t<div class=\"elementor-container elementor-column-gap-default\">\n\t\t\t\t\t<div class=\"elementor-column elementor-col-100 elementor-top-column elementor-element elementor-element-0e594f7\" data-id=\"0e594f7\" data-element_type=\"column\">\n\t\t\t<div class=\"elementor-widget-wrap elementor-element-populated\">\n\t\t\t\t\t\t\t\t<div class=\"elementor-element elementor-element-2d2044c elementor-widget__width-auto elementor-widget elementor-widget-heading\" data-id=\"2d2044c\" data-element_type=\"widget\" data-widget_type=\"heading.default\">\n\t\t\t\t<div class=\"elementor-widget-container\">\n\t\t\t<style>\/*! elementor - v3.7.6 - 15-09-2022 *\/\n.elementor-heading-title{padding:0;margin:0;line-height:1}.elementor-widget-heading .elementor-heading-title[class*=elementor-size-]>a{color:inherit;font-size:inherit;line-height:inherit}.elementor-widget-heading .elementor-heading-title.elementor-size-small{font-size:15px}.elementor-widget-heading .elementor-heading-title.elementor-size-medium{font-size:19px}.elementor-widget-heading .elementor-heading-title.elementor-size-large{font-size:29px}.elementor-widget-heading .elementor-heading-title.elementor-size-xl{font-size:39px}.elementor-widget-heading .elementor-heading-title.elementor-size-xxl{font-size:59px}<\/style><h2 class=\"elementor-heading-title elementor-size-default\">quem somos<\/h2>\t\t<\/div>\n\t\t\t\t<\/div>\n\t\t\t\t<section class=\"elementor-section elementor-inner-section elementor-element elementor-element-9fddcab elementor-section-boxed elementor-section-height-default elementor-section-height-default\" data-id=\"9fddcab\" data-element_type=\"section\">\n\t\t\t\t\t\t<div class=\"elementor-container elementor-column-gap-default\">\n\t\t\t\t\t<div class=\"elementor-column elementor-col-100 elementor-inner-column elementor-element elementor-element-e724764\" data-id=\"e724764\" data-element_type=\"column\">\n\t\t\t<div class=\"elementor-widget-wrap elementor-element-populated\">\n\t\t\t\t\t\t\t\t<div class=\"elementor-element elementor-element-b44ba55 elementor-widget elementor-widget-heading\" data-id=\"b44ba55\" data-element_type=\"widget\" data-widget_type=\"heading.default\">\n\t\t\t\t<div class=\"elementor-widget-container\">\n\t\t\t<h2 class=\"elementor-heading-title elementor-size-default\">dany bella<\/h2>\t\t<\/div>\n\t\t\t\t<\/div>\n\t\t\t\t<div class=\"elementor-element elementor-element-229a90b elementor-widget elementor-widget-text-editor\" data-id=\"229a90b\" data-element_type=\"widget\" data-widget_type=\"text-editor.default\">\n\t\t\t\t<div class=\"elementor-widget-container\">\n\t\t\t<style>\/*! elementor - v3.7.6 - 15-09-2022 *\/\n.elementor-widget-text-editor.elementor-drop-cap-view-stacked .elementor-drop-cap{background-color:#818a91;color:#fff}.elementor-widget-text-editor.elementor-drop-cap-view-framed .elementor-drop-cap{color:#818a91;border:3px solid;background-color:transparent}.elementor-widget-text-editor:not(.elementor-drop-cap-view-default) .elementor-drop-cap{margin-top:8px}.elementor-widget-text-editor:not(.elementor-drop-cap-view-default) .elementor-drop-cap-letter{width:1em;height:1em}.elementor-widget-text-editor .elementor-drop-cap{float:left;text-align:center;line-height:1;font-size:50px}.elementor-widget-text-editor .elementor-drop-cap-letter{display:inline-block}<\/style>\t\t\t\tEste \u00e9 um texto meramente fict\u00edcio \u2013 que est\u00e1 sendo usado como demonstrativo do local que seus TEXTOS OFICIAIS ficar\u00e3o. \u00c9 de inteira responsabilidade do cliente que essas \u00e1reas sejam preenchidas com informa\u00e7\u00f5es repassadas ao SETOR DE CRIA\u00c7\u00c3O. Desconsidere o valor dessas informa\u00e7\u00f5es. Lembre-se: o preenchimento dessa \u00e1rea \u00e9 de responsabilidade do cliente.<br>\nEste \u00e9 um texto meramente fict\u00edcio \u2013 que est\u00e1 sendo usado como demonstrativo do local que seus TEXTOS OFICIAIS ficar\u00e3o. \u00c9 de inteira responsabilidade do cliente que essas \u00e1reas sejam preenchidas com informa\u00e7\u00f5es repassadas ao SETOR DE CRIA\u00c7\u00c3O. Desconsidere o valor dessas informa\u00e7\u00f5es. Lembre-se: o preenchimento dessa \u00e1rea \u00e9 de responsabilidade do cliente.\t\t\t\t\t\t<\/div>\n\t\t\t\t<\/div>\n\t\t\t\t\t<\/div>\n\t\t<\/div>\n\t\t\t\t\t\t\t<\/div>\n\t\t<\/section>\n\t\t\t\t\t<\/div>\n\t\t<\/div>\n\t\t\t\t\t\t\t<\/div>\n\t\t<\/section>\n\t\t\t\t<section class=\"elementor-section elementor-top-section elementor-element elementor-element-756d1a1 elementor-section-boxed elementor-section-height-default elementor-section-height-default\" data-id=\"756d1a1\" data-element_type=\"section\">\n\t\t\t\t\t\t<div class=\"elementor-container elementor-column-gap-default\">\n\t\t\t\t\t<div class=\"elementor-column elementor-col-100 elementor-top-column elementor-element elementor-element-05d0670\" data-id=\"05d0670\" data-element_type=\"column\">\n\t\t\t<div class=\"elementor-widget-wrap elementor-element-populated\">\n\t\t\t\t\t\t\t\t<div class=\"elementor-element elementor-element-e7cb07a elementor-widget__width-auto elementor-widget elementor-widget-heading\" data-id=\"e7cb07a\" data-element_type=\"widget\" data-widget_type=\"heading.default\">\n\t\t\t\t<div class=\"elementor-widget-container\">\n\t\t\t<h2 class=\"elementor-heading-title elementor-size-default\">depoimentos<\/h2>\t\t<\/div>\n\t\t\t\t<\/div>\n\t\t\t\t<div class=\"elementor-element elementor-element-1d22096 elementor-testimonial--skin-default elementor-testimonial--layout-image_inline elementor-testimonial--align-center elementor-widget elementor-widget-testimonial-carousel\" data-id=\"1d22096\" data-element_type=\"widget\" data-settings=\"{&quot;speed&quot;:500,&quot;autoplay&quot;:&quot;yes&quot;,&quot;autoplay_speed&quot;:5000,&quot;loop&quot;:&quot;yes&quot;,&quot;pause_on_hover&quot;:&quot;yes&quot;,&quot;pause_on_interaction&quot;:&quot;yes&quot;,&quot;space_between&quot;:{&quot;unit&quot;:&quot;px&quot;,&quot;size&quot;:10,&quot;sizes&quot;:[]},&quot;space_between_tablet&quot;:{&quot;unit&quot;:&quot;px&quot;,&quot;size&quot;:10,&quot;sizes&quot;:[]},&quot;space_between_mobile&quot;:{&quot;unit&quot;:&quot;px&quot;,&quot;size&quot;:10,&quot;sizes&quot;:[]}}\" data-widget_type=\"testimonial-carousel.default\">\n\t\t\t\t<div class=\"elementor-widget-container\">\n\t\t\t<link rel=\"stylesheet\" href=\"https:\/\/www.agencialiderdigital.dev.br\/projetos\/dany-bella-moveis\/wp-content\/plugins\/elementor-pro\/assets\/css\/widget-carousel.min.css\">\t\t<div class=\"elementor-swiper\">\n\t\t\t<div class=\"elementor-main-swiper swiper-container\">\n\t\t\t\t<div class=\"swiper-wrapper\">\n\t\t\t\t\t\t\t\t\t\t\t<div class=\"swiper-slide\">\n\t\t\t\t\t\t\t\t\t<div class=\"elementor-testimonial\">\n\t\t\t\t\t\t\t<div class=\"elementor-testimonial__content\">\n\t\t\t\t\t<div class=\"elementor-testimonial__text\">\n\t\t\t\t\t\tEste \u00e9 um texto meramente fict\u00edcio \u2013 que est\u00e1 sendo usado como demonstrativo do local que seus TEXTOS OFICIAIS ficar\u00e3o. \u00c9 de inteira responsabilidade do cliente que essas \u00e1reas sejam preenchidas com informa\u00e7\u00f5es repassadas ao SETOR DE CRIA\u00c7\u00c3O. Desconsidere o valor dessas informa\u00e7\u00f5es. Lembre-se: o preenchimento dessa \u00e1rea \u00e9 de responsabilidade do cliente.\t\t\t\t\t<\/div>\n\t\t\t\t\t\t\t\t\t<\/div>\n\t\t\t\t\t\t<div class=\"elementor-testimonial__footer\">\n\t\t\t\t\t\t\t\t<cite class=\"elementor-testimonial__cite\"><span class=\"elementor-testimonial__name\">Nome do Cliente<\/span><\/cite>\t\t\t<\/div>\n\t\t<\/div>\n\t\t\t\t\t\t\t\t<\/div>\n\t\t\t\t\t\t\t\t\t\t\t<div class=\"swiper-slide\">\n\t\t\t\t\t\t\t\t\t<div class=\"elementor-testimonial\">\n\t\t\t\t\t\t\t<div class=\"elementor-testimonial__content\">\n\t\t\t\t\t<div class=\"elementor-testimonial__text\">\n\t\t\t\t\t\tEste \u00e9 um texto meramente fict\u00edcio \u2013 que est\u00e1 sendo usado como demonstrativo do local que seus TEXTOS OFICIAIS ficar\u00e3o. \u00c9 de inteira responsabilidade do cliente que essas \u00e1reas sejam preenchidas com informa\u00e7\u00f5es repassadas ao SETOR DE CRIA\u00c7\u00c3O. Desconsidere o valor dessas informa\u00e7\u00f5es. Lembre-se: o preenchimento dessa \u00e1rea \u00e9 de responsabilidade do cliente.\t\t\t\t\t<\/div>\n\t\t\t\t\t\t\t\t\t<\/div>\n\t\t\t\t\t\t<div class=\"elementor-testimonial__footer\">\n\t\t\t\t\t\t\t\t<cite class=\"elementor-testimonial__cite\"><span class=\"elementor-testimonial__name\">Nome do Cliente<\/span><\/cite>\t\t\t<\/div>\n\t\t<\/div>\n\t\t\t\t\t\t\t\t<\/div>\n\t\t\t\t\t\t\t\t\t<\/div>\n\t\t\t\t\t\t\t\t\t\t\t\t\t\t\t\t\t\t\t\t\t<\/div>\n\t\t<\/div>\n\t\t\t\t<\/div>\n\t\t\t\t<\/div>\n\t\t\t\t\t<\/div>\n\t\t<\/div>\n\t\t\t\t\t\t\t<\/div>\n\t\t<\/section>\n\t\t\t\t\t\t\t<\/div>\n\t\t","protected":false},"excerpt":{"rendered":"<p>quem somos dany bella Este \u00e9 um texto meramente fict\u00edcio \u2013 que est\u00e1 sendo usado como demonstrativo do local que seus TEXTOS OFICIAIS ficar\u00e3o. \u00c9 de inteira responsabilidade do cliente que essas \u00e1reas sejam preenchidas com informa\u00e7\u00f5es repassadas ao SETOR DE CRIA\u00c7\u00c3O. Desconsidere o valor dessas informa\u00e7\u00f5es. Lembre-se: o preenchimento dessa \u00e1rea \u00e9 de responsabilidade [&hellip;]<\/p>\n","protected":false},"author":1,"featured_media":0,"parent":0,"menu_order":0,"comment_status":"closed","ping_status":"closed","template":"elementor_header_footer","meta":{"_joinchat":[],"footnotes":""},"class_list":["post-18","page","type-page","status-publish","hentry","wpbf-post"],"acf":[],"yoast_head":"<!-- This site is optimized with the Yoast SEO plugin v19.6.1 - https:\/\/yoast.com\/wordpress\/plugins\/seo\/ -->\n<title>Quem Somos - DanyBella Moveis<\/title>\n<meta name=\"robots\" content=\"index, follow, max-snippet:-1, max-image-preview:large, max-video-preview:-1\" \/>\n<link rel=\"canonical\" href=\"https:\/\/www.agencialiderdigital.dev.br\/projetos\/dany-bella-moveis\/quem-somos\/\" \/>\n<meta property=\"og:locale\" content=\"pt_BR\" \/>\n<meta property=\"og:type\" content=\"article\" \/>\n<meta property=\"og:title\" content=\"Quem Somos - DanyBella Moveis\" \/>\n<meta property=\"og:description\" content=\"quem somos dany bella Este \u00e9 um texto meramente fict\u00edcio \u2013 que est\u00e1 sendo usado como demonstrativo do local que seus TEXTOS OFICIAIS ficar\u00e3o. \u00c9 de inteira responsabilidade do cliente que essas \u00e1reas sejam preenchidas com informa\u00e7\u00f5es repassadas ao SETOR DE CRIA\u00c7\u00c3O. Desconsidere o valor dessas informa\u00e7\u00f5es. Lembre-se: o preenchimento dessa \u00e1rea \u00e9 de responsabilidade [&hellip;]\" \/>\n<meta property=\"og:url\" content=\"https:\/\/www.agencialiderdigital.dev.br\/projetos\/dany-bella-moveis\/quem-somos\/\" \/>\n<meta property=\"og:site_name\" content=\"DanyBella Moveis\" \/>\n<meta property=\"article:modified_time\" content=\"2022-09-06T15:30:59+00:00\" \/>\n<meta name=\"twitter:card\" content=\"summary_large_image\" \/>\n<meta name=\"twitter:label1\" content=\"Est. tempo de leitura\" \/>\n\t<meta name=\"twitter:data1\" content=\"2 minutos\" \/>\n<script type=\"application\/ld+json\" class=\"yoast-schema-graph\">{\"@context\":\"https:\/\/schema.org\",\"@graph\":[{\"@type\":\"WebPage\",\"@id\":\"https:\/\/www.agencialiderdigital.dev.br\/projetos\/dany-bella-moveis\/quem-somos\/\",\"url\":\"https:\/\/www.agencialiderdigital.dev.br\/projetos\/dany-bella-moveis\/quem-somos\/\",\"name\":\"Quem Somos - DanyBella Moveis\",\"isPartOf\":{\"@id\":\"https:\/\/www.agencialiderdigital.dev.br\/projetos\/dany-bella-moveis\/#website\"},\"datePublished\":\"2022-03-12T12:05:50+00:00\",\"dateModified\":\"2022-09-06T15:30:59+00:00\",\"breadcrumb\":{\"@id\":\"https:\/\/www.agencialiderdigital.dev.br\/projetos\/dany-bella-moveis\/quem-somos\/#breadcrumb\"},\"inLanguage\":\"pt-BR\",\"potentialAction\":[{\"@type\":\"ReadAction\",\"target\":[\"https:\/\/www.agencialiderdigital.dev.br\/projetos\/dany-bella-moveis\/quem-somos\/\"]}]},{\"@type\":\"BreadcrumbList\",\"@id\":\"https:\/\/www.agencialiderdigital.dev.br\/projetos\/dany-bella-moveis\/quem-somos\/#breadcrumb\",\"itemListElement\":[{\"@type\":\"ListItem\",\"position\":1,\"name\":\"Home\",\"item\":\"https:\/\/www.agencialiderdigital.dev.br\/projetos\/dany-bella-moveis\/\"},{\"@type\":\"ListItem\",\"position\":2,\"name\":\"Quem Somos\"}]},{\"@type\":\"WebSite\",\"@id\":\"https:\/\/www.agencialiderdigital.dev.br\/projetos\/dany-bella-moveis\/#website\",\"url\":\"https:\/\/www.agencialiderdigital.dev.br\/projetos\/dany-bella-moveis\/\",\"name\":\"DanyBella Moveis\",\"description\":\"Loja Profissional\",\"publisher\":{\"@id\":\"https:\/\/www.agencialiderdigital.dev.br\/projetos\/dany-bella-moveis\/#organization\"},\"potentialAction\":[{\"@type\":\"SearchAction\",\"target\":{\"@type\":\"EntryPoint\",\"urlTemplate\":\"https:\/\/www.agencialiderdigital.dev.br\/projetos\/dany-bella-moveis\/?s={search_term_string}\"},\"query-input\":\"required name=search_term_string\"}],\"inLanguage\":\"pt-BR\"},{\"@type\":\"Organization\",\"@id\":\"https:\/\/www.agencialiderdigital.dev.br\/projetos\/dany-bella-moveis\/#organization\",\"name\":\"DanyBella Moveis\",\"url\":\"https:\/\/www.agencialiderdigital.dev.br\/projetos\/dany-bella-moveis\/\",\"sameAs\":[],\"logo\":{\"@type\":\"ImageObject\",\"inLanguage\":\"pt-BR\",\"@id\":\"https:\/\/www.agencialiderdigital.dev.br\/projetos\/dany-bella-moveis\/#\/schema\/logo\/image\/\",\"url\":\"https:\/\/www.agencialiderdigital.dev.br\/projetos\/dany-bella-moveis\/wp-content\/uploads\/2022\/03\/logo-principal.png\",\"contentUrl\":\"https:\/\/www.agencialiderdigital.dev.br\/projetos\/dany-bella-moveis\/wp-content\/uploads\/2022\/03\/logo-principal.png\",\"width\":251,\"height\":65,\"caption\":\"DanyBella Moveis\"},\"image\":{\"@id\":\"https:\/\/www.agencialiderdigital.dev.br\/projetos\/dany-bella-moveis\/#\/schema\/logo\/image\/\"}}]}<\/script>\n<!-- \/ Yoast SEO plugin. -->","yoast_head_json":{"title":"Quem Somos - DanyBella Moveis","robots":{"index":"index","follow":"follow","max-snippet":"max-snippet:-1","max-image-preview":"max-image-preview:large","max-video-preview":"max-video-preview:-1"},"canonical":"https:\/\/www.agencialiderdigital.dev.br\/projetos\/dany-bella-moveis\/quem-somos\/","og_locale":"pt_BR","og_type":"article","og_title":"Quem Somos - DanyBella Moveis","og_description":"quem somos dany bella Este \u00e9 um texto meramente fict\u00edcio \u2013 que est\u00e1 sendo usado como demonstrativo do local que seus TEXTOS OFICIAIS ficar\u00e3o. \u00c9 de inteira responsabilidade do cliente que essas \u00e1reas sejam preenchidas com informa\u00e7\u00f5es repassadas ao SETOR DE CRIA\u00c7\u00c3O. Desconsidere o valor dessas informa\u00e7\u00f5es. Lembre-se: o preenchimento dessa \u00e1rea \u00e9 de responsabilidade [&hellip;]","og_url":"https:\/\/www.agencialiderdigital.dev.br\/projetos\/dany-bella-moveis\/quem-somos\/","og_site_name":"DanyBella Moveis","article_modified_time":"2022-09-06T15:30:59+00:00","twitter_card":"summary_large_image","twitter_misc":{"Est. tempo de leitura":"2 minutos"},"schema":{"@context":"https:\/\/schema.org","@graph":[{"@type":"WebPage","@id":"https:\/\/www.agencialiderdigital.dev.br\/projetos\/dany-bella-moveis\/quem-somos\/","url":"https:\/\/www.agencialiderdigital.dev.br\/projetos\/dany-bella-moveis\/quem-somos\/","name":"Quem Somos - DanyBella Moveis","isPartOf":{"@id":"https:\/\/www.agencialiderdigital.dev.br\/projetos\/dany-bella-moveis\/#website"},"datePublished":"2022-03-12T12:05:50+00:00","dateModified":"2022-09-06T15:30:59+00:00","breadcrumb":{"@id":"https:\/\/www.agencialiderdigital.dev.br\/projetos\/dany-bella-moveis\/quem-somos\/#breadcrumb"},"inLanguage":"pt-BR","potentialAction":[{"@type":"ReadAction","target":["https:\/\/www.agencialiderdigital.dev.br\/projetos\/dany-bella-moveis\/quem-somos\/"]}]},{"@type":"BreadcrumbList","@id":"https:\/\/www.agencialiderdigital.dev.br\/projetos\/dany-bella-moveis\/quem-somos\/#breadcrumb","itemListElement":[{"@type":"ListItem","position":1,"name":"Home","item":"https:\/\/www.agencialiderdigital.dev.br\/projetos\/dany-bella-moveis\/"},{"@type":"ListItem","position":2,"name":"Quem Somos"}]},{"@type":"WebSite","@id":"https:\/\/www.agencialiderdigital.dev.br\/projetos\/dany-bella-moveis\/#website","url":"https:\/\/www.agencialiderdigital.dev.br\/projetos\/dany-bella-moveis\/","name":"DanyBella Moveis","description":"Loja Profissional","publisher":{"@id":"https:\/\/www.agencialiderdigital.dev.br\/projetos\/dany-bella-moveis\/#organization"},"potentialAction":[{"@type":"SearchAction","target":{"@type":"EntryPoint","urlTemplate":"https:\/\/www.agencialiderdigital.dev.br\/projetos\/dany-bella-moveis\/?s={search_term_string}"},"query-input":"required name=search_term_string"}],"inLanguage":"pt-BR"},{"@type":"Organization","@id":"https:\/\/www.agencialiderdigital.dev.br\/projetos\/dany-bella-moveis\/#organization","name":"DanyBella Moveis","url":"https:\/\/www.agencialiderdigital.dev.br\/projetos\/dany-bella-moveis\/","sameAs":[],"logo":{"@type":"ImageObject","inLanguage":"pt-BR","@id":"https:\/\/www.agencialiderdigital.dev.br\/projetos\/dany-bella-moveis\/#\/schema\/logo\/image\/","url":"https:\/\/www.agencialiderdigital.dev.br\/projetos\/dany-bella-moveis\/wp-content\/uploads\/2022\/03\/logo-principal.png","contentUrl":"https:\/\/www.agencialiderdigital.dev.br\/projetos\/dany-bella-moveis\/wp-content\/uploads\/2022\/03\/logo-principal.png","width":251,"height":65,"caption":"DanyBella Moveis"},"image":{"@id":"https:\/\/www.agencialiderdigital.dev.br\/projetos\/dany-bella-moveis\/#\/schema\/logo\/image\/"}}]}},"_links":{"self":[{"href":"https:\/\/www.agencialiderdigital.dev.br\/projetos\/dany-bella-moveis\/wp-json\/wp\/v2\/pages\/18","targetHints":{"allow":["GET"]}}],"collection":[{"href":"https:\/\/www.agencialiderdigital.dev.br\/projetos\/dany-bella-moveis\/wp-json\/wp\/v2\/pages"}],"about":[{"href":"https:\/\/www.agencialiderdigital.dev.br\/projetos\/dany-bella-moveis\/wp-json\/wp\/v2\/types\/page"}],"author":[{"embeddable":true,"href":"https:\/\/www.agencialiderdigital.dev.br\/projetos\/dany-bella-moveis\/wp-json\/wp\/v2\/users\/1"}],"replies":[{"embeddable":true,"href":"https:\/\/www.agencialiderdigital.dev.br\/projetos\/dany-bella-moveis\/wp-json\/wp\/v2\/comments?post=18"}],"version-history":[{"count":7,"href":"https:\/\/www.agencialiderdigital.dev.br\/projetos\/dany-bella-moveis\/wp-json\/wp\/v2\/pages\/18\/revisions"}],"predecessor-version":[{"id":384,"href":"https:\/\/www.agencialiderdigital.dev.br\/projetos\/dany-bella-moveis\/wp-json\/wp\/v2\/pages\/18\/revisions\/384"}],"wp:attachment":[{"href":"https:\/\/www.agencialiderdigital.dev.br\/projetos\/dany-bella-moveis\/wp-json\/wp\/v2\/media?parent=18"}],"curies":[{"name":"wp","href":"https:\/\/api.w.org\/{rel}","templated":true}]}}