{"id":22,"date":"2022-03-12T12:06:20","date_gmt":"2022-03-12T12:06:20","guid":{"rendered":"https:\/\/www.agencialiderdigital.dev.br\/projetos\/amor-por-patas\/?page_id=22"},"modified":"2022-03-31T14:02:46","modified_gmt":"2022-03-31T17:02:46","slug":"blog","status":"publish","type":"page","link":"https:\/\/www.agencialiderdigital.dev.br\/projetos\/amor-por-patas\/blog\/","title":{"rendered":"Blog"},"content":{"rendered":"\t\t<div data-elementor-type=\"wp-page\" data-elementor-id=\"22\" class=\"elementor elementor-22\">\n\t\t\t\t\t\t\t\t\t<section class=\"elementor-section elementor-top-section elementor-element elementor-element-0d41e54 elementor-section-boxed elementor-section-height-default elementor-section-height-default\" data-id=\"0d41e54\" data-element_type=\"section\" data-settings=\"{&quot;background_background&quot;:&quot;classic&quot;}\">\n\t\t\t\t\t\t<div class=\"elementor-container elementor-column-gap-default\">\n\t\t\t\t\t<div class=\"elementor-column elementor-col-100 elementor-top-column elementor-element elementor-element-875efc6\" data-id=\"875efc6\" data-element_type=\"column\">\n\t\t\t<div class=\"elementor-widget-wrap elementor-element-populated\">\n\t\t\t\t\t\t\t\t<div class=\"elementor-element elementor-element-3f549ad elementor-widget elementor-widget-heading\" data-id=\"3f549ad\" data-element_type=\"widget\" data-widget_type=\"heading.default\">\n\t\t\t\t<div class=\"elementor-widget-container\">\n\t\t\t<style>\/*! elementor - v3.6.2 - 04-04-2022 *\/\n.elementor-heading-title{padding:0;margin:0;line-height:1}.elementor-widget-heading .elementor-heading-title[class*=elementor-size-]>a{color:inherit;font-size:inherit;line-height:inherit}.elementor-widget-heading .elementor-heading-title.elementor-size-small{font-size:15px}.elementor-widget-heading .elementor-heading-title.elementor-size-medium{font-size:19px}.elementor-widget-heading .elementor-heading-title.elementor-size-large{font-size:29px}.elementor-widget-heading .elementor-heading-title.elementor-size-xl{font-size:39px}.elementor-widget-heading .elementor-heading-title.elementor-size-xxl{font-size:59px}<\/style><h2 class=\"elementor-heading-title elementor-size-default\">Nosso Blog<\/h2>\t\t<\/div>\n\t\t\t\t<\/div>\n\t\t\t\t<div class=\"elementor-element elementor-element-a3db7bc elementor-grid-4 elementor-posts--align-center elementor-grid-tablet-2 elementor-grid-mobile-1 elementor-posts--thumbnail-top elementor-widget elementor-widget-posts\" data-id=\"a3db7bc\" data-element_type=\"widget\" data-settings=\"{&quot;classic_columns&quot;:&quot;4&quot;,&quot;pagination_type&quot;:&quot;numbers_and_prev_next&quot;,&quot;classic_columns_tablet&quot;:&quot;2&quot;,&quot;classic_columns_mobile&quot;:&quot;1&quot;,&quot;classic_row_gap&quot;:{&quot;unit&quot;:&quot;px&quot;,&quot;size&quot;:35,&quot;sizes&quot;:[]},&quot;classic_row_gap_tablet&quot;:{&quot;unit&quot;:&quot;px&quot;,&quot;size&quot;:&quot;&quot;,&quot;sizes&quot;:[]},&quot;classic_row_gap_mobile&quot;:{&quot;unit&quot;:&quot;px&quot;,&quot;size&quot;:&quot;&quot;,&quot;sizes&quot;:[]}}\" data-widget_type=\"posts.classic\">\n\t\t\t\t<div class=\"elementor-widget-container\">\n\t\t\t<link rel=\"stylesheet\" href=\"https:\/\/www.agencialiderdigital.dev.br\/projetos\/amor-por-patas\/wp-content\/plugins\/elementor-pro\/assets\/css\/widget-posts.min.css\">\t\t<div class=\"elementor-posts-container elementor-posts elementor-posts--skin-classic elementor-grid\">\n\t\t\t\t<article class=\"elementor-post elementor-grid-item post-124 post type-post status-publish format-standard has-post-thumbnail hentry category-uncategorized\">\n\t\t\t\t<a class=\"elementor-post__thumbnail__link\" href=\"https:\/\/www.agencialiderdigital.dev.br\/projetos\/amor-por-patas\/este-e-um-titulo-provisorio-4\/\" >\n\t\t\t<div class=\"elementor-post__thumbnail\"><img decoding=\"async\" width=\"269\" height=\"274\" src=\"https:\/\/www.agencialiderdigital.dev.br\/projetos\/amor-por-patas\/wp-content\/uploads\/2022\/03\/Agrupar-5.png\" class=\"attachment-medium size-medium\" alt=\"\" \/><\/div>\n\t\t<\/a>\n\t\t\t\t<div class=\"elementor-post__text\">\n\t\t\t\t<h3 class=\"elementor-post__title\">\n\t\t\t<a href=\"https:\/\/www.agencialiderdigital.dev.br\/projetos\/amor-por-patas\/este-e-um-titulo-provisorio-4\/\" >\n\t\t\t\tEste \u00e9 um t\u00edtulo provis\u00f3rio\t\t\t<\/a>\n\t\t<\/h3>\n\t\t\t\t<div class=\"elementor-post__excerpt\">\n\t\t\t<p>Este \u00e9 um texto meramente fict\u00edcio \u2013 que est\u00e1 sendo usado como demonstrativo do local que seus TEXTOS OFICIAIS ficar\u00e3o. \u00c9 de inteira responsabilidade do cliente que essas \u00e1reas sejam preenchidas com informa\u00e7\u00f5es repassadas ao<\/p>\n\t\t<\/div>\n\t\t\t\t\t<a class=\"elementor-post__read-more\" href=\"https:\/\/www.agencialiderdigital.dev.br\/projetos\/amor-por-patas\/este-e-um-titulo-provisorio-4\/\" >\n\t\t\t\tLeia mais\t\t\t<\/a>\n\t\t\t\t<\/div>\n\t\t\t\t<\/article>\n\t\t\t\t<article class=\"elementor-post elementor-grid-item post-123 post type-post status-publish format-standard has-post-thumbnail hentry category-uncategorized\">\n\t\t\t\t<a class=\"elementor-post__thumbnail__link\" href=\"https:\/\/www.agencialiderdigital.dev.br\/projetos\/amor-por-patas\/este-e-um-titulo-provisorio-3\/\" >\n\t\t\t<div class=\"elementor-post__thumbnail\"><img decoding=\"async\" width=\"269\" height=\"274\" src=\"https:\/\/www.agencialiderdigital.dev.br\/projetos\/amor-por-patas\/wp-content\/uploads\/2022\/03\/Agrupar-2.png\" class=\"attachment-medium size-medium\" alt=\"\" \/><\/div>\n\t\t<\/a>\n\t\t\t\t<div class=\"elementor-post__text\">\n\t\t\t\t<h3 class=\"elementor-post__title\">\n\t\t\t<a href=\"https:\/\/www.agencialiderdigital.dev.br\/projetos\/amor-por-patas\/este-e-um-titulo-provisorio-3\/\" >\n\t\t\t\tEste \u00e9 um t\u00edtulo provis\u00f3rio\t\t\t<\/a>\n\t\t<\/h3>\n\t\t\t\t<div class=\"elementor-post__excerpt\">\n\t\t\t<p>Este \u00e9 um texto meramente fict\u00edcio \u2013 que est\u00e1 sendo usado como demonstrativo do local que seus TEXTOS OFICIAIS ficar\u00e3o. \u00c9 de inteira responsabilidade do cliente que essas \u00e1reas sejam preenchidas com informa\u00e7\u00f5es repassadas ao<\/p>\n\t\t<\/div>\n\t\t\t\t\t<a class=\"elementor-post__read-more\" href=\"https:\/\/www.agencialiderdigital.dev.br\/projetos\/amor-por-patas\/este-e-um-titulo-provisorio-3\/\" >\n\t\t\t\tLeia mais\t\t\t<\/a>\n\t\t\t\t<\/div>\n\t\t\t\t<\/article>\n\t\t\t\t<article class=\"elementor-post elementor-grid-item post-122 post type-post status-publish format-standard has-post-thumbnail hentry category-uncategorized\">\n\t\t\t\t<a class=\"elementor-post__thumbnail__link\" href=\"https:\/\/www.agencialiderdigital.dev.br\/projetos\/amor-por-patas\/este-e-um-titulo-provisorio-2\/\" >\n\t\t\t<div class=\"elementor-post__thumbnail\"><img decoding=\"async\" width=\"269\" height=\"274\" src=\"https:\/\/www.agencialiderdigital.dev.br\/projetos\/amor-por-patas\/wp-content\/uploads\/2022\/03\/Agrupar-3.png\" class=\"attachment-medium size-medium\" alt=\"\" \/><\/div>\n\t\t<\/a>\n\t\t\t\t<div class=\"elementor-post__text\">\n\t\t\t\t<h3 class=\"elementor-post__title\">\n\t\t\t<a href=\"https:\/\/www.agencialiderdigital.dev.br\/projetos\/amor-por-patas\/este-e-um-titulo-provisorio-2\/\" >\n\t\t\t\tEste \u00e9 um t\u00edtulo provis\u00f3rio\t\t\t<\/a>\n\t\t<\/h3>\n\t\t\t\t<div class=\"elementor-post__excerpt\">\n\t\t\t<p>Este \u00e9 um texto meramente fict\u00edcio \u2013 que est\u00e1 sendo usado como demonstrativo do local que seus TEXTOS OFICIAIS ficar\u00e3o. \u00c9 de inteira responsabilidade do cliente que essas \u00e1reas sejam preenchidas com informa\u00e7\u00f5es repassadas ao<\/p>\n\t\t<\/div>\n\t\t\t\t\t<a class=\"elementor-post__read-more\" href=\"https:\/\/www.agencialiderdigital.dev.br\/projetos\/amor-por-patas\/este-e-um-titulo-provisorio-2\/\" >\n\t\t\t\tLeia mais\t\t\t<\/a>\n\t\t\t\t<\/div>\n\t\t\t\t<\/article>\n\t\t\t\t<article class=\"elementor-post elementor-grid-item post-121 post type-post status-publish format-standard has-post-thumbnail hentry category-uncategorized\">\n\t\t\t\t<a class=\"elementor-post__thumbnail__link\" href=\"https:\/\/www.agencialiderdigital.dev.br\/projetos\/amor-por-patas\/este-e-um-titulo-provisorio\/\" >\n\t\t\t<div class=\"elementor-post__thumbnail\"><img decoding=\"async\" width=\"269\" height=\"274\" src=\"https:\/\/www.agencialiderdigital.dev.br\/projetos\/amor-por-patas\/wp-content\/uploads\/2022\/03\/Agrupar-5.png\" class=\"attachment-medium size-medium\" alt=\"\" \/><\/div>\n\t\t<\/a>\n\t\t\t\t<div class=\"elementor-post__text\">\n\t\t\t\t<h3 class=\"elementor-post__title\">\n\t\t\t<a href=\"https:\/\/www.agencialiderdigital.dev.br\/projetos\/amor-por-patas\/este-e-um-titulo-provisorio\/\" >\n\t\t\t\tEste \u00e9 um t\u00edtulo provis\u00f3rio\t\t\t<\/a>\n\t\t<\/h3>\n\t\t\t\t<div class=\"elementor-post__excerpt\">\n\t\t\t<p>Este \u00e9 um texto meramente fict\u00edcio \u2013 que est\u00e1 sendo usado como demonstrativo do local que seus TEXTOS OFICIAIS ficar\u00e3o. \u00c9 de inteira responsabilidade do cliente que essas \u00e1reas sejam preenchidas com informa\u00e7\u00f5es repassadas ao<\/p>\n\t\t<\/div>\n\t\t\t\t\t<a class=\"elementor-post__read-more\" href=\"https:\/\/www.agencialiderdigital.dev.br\/projetos\/amor-por-patas\/este-e-um-titulo-provisorio\/\" >\n\t\t\t\tLeia mais\t\t\t<\/a>\n\t\t\t\t<\/div>\n\t\t\t\t<\/article>\n\t\t\t\t<\/div>\n\n\n\t\t\n\t\t\t\t<\/div>\n\t\t\t\t<\/div>\n\t\t\t\t\t<\/div>\n\t\t<\/div>\n\t\t\t\t\t\t\t<\/div>\n\t\t<\/section>\n\t\t\t\t\t\t\t<\/div>\n\t\t","protected":false},"excerpt":{"rendered":"<p>Nosso Blog<\/p>\n","protected":false},"author":1,"featured_media":0,"parent":0,"menu_order":0,"comment_status":"closed","ping_status":"closed","template":"elementor_header_footer","meta":{"footnotes":""},"class_list":["post-22","page","type-page","status-publish","hentry"],"acf":[],"yoast_head":"<!-- This site is optimized with the Yoast SEO plugin v18.5.1 - https:\/\/yoast.com\/wordpress\/plugins\/seo\/ -->\n<title>Blog - Amor por Patas<\/title>\n<meta name=\"robots\" content=\"index, follow, max-snippet:-1, max-image-preview:large, max-video-preview:-1\" \/>\n<link rel=\"canonical\" href=\"https:\/\/www.agencialiderdigital.dev.br\/projetos\/amor-por-patas\/blog\/\" \/>\n<meta property=\"og:locale\" content=\"pt_BR\" \/>\n<meta property=\"og:type\" content=\"article\" \/>\n<meta property=\"og:title\" content=\"Blog - Amor por Patas\" \/>\n<meta property=\"og:description\" content=\"Nosso Blog\" \/>\n<meta property=\"og:url\" content=\"https:\/\/www.agencialiderdigital.dev.br\/projetos\/amor-por-patas\/blog\/\" \/>\n<meta property=\"og:site_name\" content=\"Amor por Patas\" \/>\n<meta property=\"article:modified_time\" content=\"2022-03-31T17:02:46+00:00\" \/>\n<meta name=\"twitter:card\" content=\"summary_large_image\" \/>\n<meta name=\"twitter:label1\" content=\"Est. tempo de leitura\" \/>\n\t<meta name=\"twitter:data1\" content=\"2 minutos\" \/>\n<script type=\"application\/ld+json\" class=\"yoast-schema-graph\">{\"@context\":\"https:\/\/schema.org\",\"@graph\":[{\"@type\":\"WebSite\",\"@id\":\"https:\/\/www.agencialiderdigital.dev.br\/projetos\/amor-por-patas\/#website\",\"url\":\"https:\/\/www.agencialiderdigital.dev.br\/projetos\/amor-por-patas\/\",\"name\":\"Amor por Patas\",\"description\":\"Amor por Patas\",\"potentialAction\":[{\"@type\":\"SearchAction\",\"target\":{\"@type\":\"EntryPoint\",\"urlTemplate\":\"https:\/\/www.agencialiderdigital.dev.br\/projetos\/amor-por-patas\/?s={search_term_string}\"},\"query-input\":\"required name=search_term_string\"}],\"inLanguage\":\"pt-BR\"},{\"@type\":\"WebPage\",\"@id\":\"https:\/\/www.agencialiderdigital.dev.br\/projetos\/amor-por-patas\/blog\/#webpage\",\"url\":\"https:\/\/www.agencialiderdigital.dev.br\/projetos\/amor-por-patas\/blog\/\",\"name\":\"Blog - Amor por Patas\",\"isPartOf\":{\"@id\":\"https:\/\/www.agencialiderdigital.dev.br\/projetos\/amor-por-patas\/#website\"},\"datePublished\":\"2022-03-12T12:06:20+00:00\",\"dateModified\":\"2022-03-31T17:02:46+00:00\",\"breadcrumb\":{\"@id\":\"https:\/\/www.agencialiderdigital.dev.br\/projetos\/amor-por-patas\/blog\/#breadcrumb\"},\"inLanguage\":\"pt-BR\",\"potentialAction\":[{\"@type\":\"ReadAction\",\"target\":[\"https:\/\/www.agencialiderdigital.dev.br\/projetos\/amor-por-patas\/blog\/\"]}]},{\"@type\":\"BreadcrumbList\",\"@id\":\"https:\/\/www.agencialiderdigital.dev.br\/projetos\/amor-por-patas\/blog\/#breadcrumb\",\"itemListElement\":[{\"@type\":\"ListItem\",\"position\":1,\"name\":\"Home\",\"item\":\"https:\/\/www.agencialiderdigital.dev.br\/projetos\/amor-por-patas\/\"},{\"@type\":\"ListItem\",\"position\":2,\"name\":\"Blog\"}]}]}<\/script>\n<!-- \/ Yoast SEO plugin. -->","yoast_head_json":{"title":"Blog - Amor por Patas","robots":{"index":"index","follow":"follow","max-snippet":"max-snippet:-1","max-image-preview":"max-image-preview:large","max-video-preview":"max-video-preview:-1"},"canonical":"https:\/\/www.agencialiderdigital.dev.br\/projetos\/amor-por-patas\/blog\/","og_locale":"pt_BR","og_type":"article","og_title":"Blog - Amor por Patas","og_description":"Nosso Blog","og_url":"https:\/\/www.agencialiderdigital.dev.br\/projetos\/amor-por-patas\/blog\/","og_site_name":"Amor por Patas","article_modified_time":"2022-03-31T17:02:46+00:00","twitter_card":"summary_large_image","twitter_misc":{"Est. tempo de leitura":"2 minutos"},"schema":{"@context":"https:\/\/schema.org","@graph":[{"@type":"WebSite","@id":"https:\/\/www.agencialiderdigital.dev.br\/projetos\/amor-por-patas\/#website","url":"https:\/\/www.agencialiderdigital.dev.br\/projetos\/amor-por-patas\/","name":"Amor por Patas","description":"Amor por Patas","potentialAction":[{"@type":"SearchAction","target":{"@type":"EntryPoint","urlTemplate":"https:\/\/www.agencialiderdigital.dev.br\/projetos\/amor-por-patas\/?s={search_term_string}"},"query-input":"required name=search_term_string"}],"inLanguage":"pt-BR"},{"@type":"WebPage","@id":"https:\/\/www.agencialiderdigital.dev.br\/projetos\/amor-por-patas\/blog\/#webpage","url":"https:\/\/www.agencialiderdigital.dev.br\/projetos\/amor-por-patas\/blog\/","name":"Blog - Amor por Patas","isPartOf":{"@id":"https:\/\/www.agencialiderdigital.dev.br\/projetos\/amor-por-patas\/#website"},"datePublished":"2022-03-12T12:06:20+00:00","dateModified":"2022-03-31T17:02:46+00:00","breadcrumb":{"@id":"https:\/\/www.agencialiderdigital.dev.br\/projetos\/amor-por-patas\/blog\/#breadcrumb"},"inLanguage":"pt-BR","potentialAction":[{"@type":"ReadAction","target":["https:\/\/www.agencialiderdigital.dev.br\/projetos\/amor-por-patas\/blog\/"]}]},{"@type":"BreadcrumbList","@id":"https:\/\/www.agencialiderdigital.dev.br\/projetos\/amor-por-patas\/blog\/#breadcrumb","itemListElement":[{"@type":"ListItem","position":1,"name":"Home","item":"https:\/\/www.agencialiderdigital.dev.br\/projetos\/amor-por-patas\/"},{"@type":"ListItem","position":2,"name":"Blog"}]}]}},"_links":{"self":[{"href":"https:\/\/www.agencialiderdigital.dev.br\/projetos\/amor-por-patas\/wp-json\/wp\/v2\/pages\/22","targetHints":{"allow":["GET"]}}],"collection":[{"href":"https:\/\/www.agencialiderdigital.dev.br\/projetos\/amor-por-patas\/wp-json\/wp\/v2\/pages"}],"about":[{"href":"https:\/\/www.agencialiderdigital.dev.br\/projetos\/amor-por-patas\/wp-json\/wp\/v2\/types\/page"}],"author":[{"embeddable":true,"href":"https:\/\/www.agencialiderdigital.dev.br\/projetos\/amor-por-patas\/wp-json\/wp\/v2\/users\/1"}],"replies":[{"embeddable":true,"href":"https:\/\/www.agencialiderdigital.dev.br\/projetos\/amor-por-patas\/wp-json\/wp\/v2\/comments?post=22"}],"version-history":[{"count":13,"href":"https:\/\/www.agencialiderdigital.dev.br\/projetos\/amor-por-patas\/wp-json\/wp\/v2\/pages\/22\/revisions"}],"predecessor-version":[{"id":362,"href":"https:\/\/www.agencialiderdigital.dev.br\/projetos\/amor-por-patas\/wp-json\/wp\/v2\/pages\/22\/revisions\/362"}],"wp:attachment":[{"href":"https:\/\/www.agencialiderdigital.dev.br\/projetos\/amor-por-patas\/wp-json\/wp\/v2\/media?parent=22"}],"curies":[{"name":"wp","href":"https:\/\/api.w.org\/{rel}","templated":true}]}}