{"id":174,"date":"2022-03-31T09:10:59","date_gmt":"2022-03-31T12:10:59","guid":{"rendered":"https:\/\/www.agencialiderdigital.dev.br\/projetos\/amor-por-patas\/?page_id=174"},"modified":"2022-03-31T14:11:40","modified_gmt":"2022-03-31T17:11:40","slug":"duvidas-frequentes","status":"publish","type":"page","link":"https:\/\/www.agencialiderdigital.dev.br\/projetos\/amor-por-patas\/duvidas-frequentes\/","title":{"rendered":"D\u00favidas Frequentes"},"content":{"rendered":"\t\t<div data-elementor-type=\"wp-page\" data-elementor-id=\"174\" class=\"elementor elementor-174\">\n\t\t\t\t\t\t\t\t\t<section class=\"elementor-section elementor-top-section elementor-element elementor-element-96385bf elementor-section-boxed elementor-section-height-default elementor-section-height-default\" data-id=\"96385bf\" data-element_type=\"section\">\n\t\t\t\t\t\t<div class=\"elementor-container elementor-column-gap-default\">\n\t\t\t\t\t<div class=\"elementor-column elementor-col-100 elementor-top-column elementor-element elementor-element-931f748\" data-id=\"931f748\" data-element_type=\"column\">\n\t\t\t<div class=\"elementor-widget-wrap elementor-element-populated\">\n\t\t\t\t\t\t\t\t<div class=\"elementor-element elementor-element-247dbdb elementor-widget elementor-widget-heading\" data-id=\"247dbdb\" data-element_type=\"widget\" data-widget_type=\"heading.default\">\n\t\t\t\t<div class=\"elementor-widget-container\">\n\t\t\t<style>\/*! elementor - v3.6.2 - 04-04-2022 *\/\n.elementor-heading-title{padding:0;margin:0;line-height:1}.elementor-widget-heading .elementor-heading-title[class*=elementor-size-]>a{color:inherit;font-size:inherit;line-height:inherit}.elementor-widget-heading .elementor-heading-title.elementor-size-small{font-size:15px}.elementor-widget-heading .elementor-heading-title.elementor-size-medium{font-size:19px}.elementor-widget-heading .elementor-heading-title.elementor-size-large{font-size:29px}.elementor-widget-heading .elementor-heading-title.elementor-size-xl{font-size:39px}.elementor-widget-heading .elementor-heading-title.elementor-size-xxl{font-size:59px}<\/style><h2 class=\"elementor-heading-title elementor-size-default\">D\u00favidas Frequentes<\/h2>\t\t<\/div>\n\t\t\t\t<\/div>\n\t\t\t\t<section class=\"elementor-section elementor-inner-section elementor-element elementor-element-1c4c47f elementor-section-boxed elementor-section-height-default elementor-section-height-default\" data-id=\"1c4c47f\" data-element_type=\"section\">\n\t\t\t\t\t\t<div class=\"elementor-container elementor-column-gap-default\">\n\t\t\t\t\t<div class=\"elementor-column elementor-col-100 elementor-inner-column elementor-element elementor-element-4ad8cf8\" data-id=\"4ad8cf8\" data-element_type=\"column\">\n\t\t\t<div class=\"elementor-widget-wrap elementor-element-populated\">\n\t\t\t\t\t\t\t\t<div class=\"elementor-element elementor-element-9bd3248 elementor-widget elementor-widget-toggle\" data-id=\"9bd3248\" data-element_type=\"widget\" data-widget_type=\"toggle.default\">\n\t\t\t\t<div class=\"elementor-widget-container\">\n\t\t\t<style>\/*! elementor - v3.6.2 - 04-04-2022 *\/\n.elementor-toggle{text-align:left}.elementor-toggle .elementor-tab-title{font-weight:700;line-height:1;margin:0;padding:15px;border-bottom:1px solid #d4d4d4;cursor:pointer;outline:none}.elementor-toggle .elementor-tab-title .elementor-toggle-icon{display:inline-block;width:1em}.elementor-toggle .elementor-tab-title .elementor-toggle-icon svg{-webkit-margin-start:-5px;margin-inline-start:-5px;width:1em;height:1em}.elementor-toggle .elementor-tab-title .elementor-toggle-icon.elementor-toggle-icon-right{float:right;text-align:right}.elementor-toggle .elementor-tab-title .elementor-toggle-icon.elementor-toggle-icon-left{float:left;text-align:left}.elementor-toggle .elementor-tab-title .elementor-toggle-icon .elementor-toggle-icon-closed{display:block}.elementor-toggle .elementor-tab-title .elementor-toggle-icon .elementor-toggle-icon-opened{display:none}.elementor-toggle .elementor-tab-title.elementor-active{border-bottom:none}.elementor-toggle .elementor-tab-title.elementor-active .elementor-toggle-icon-closed{display:none}.elementor-toggle .elementor-tab-title.elementor-active .elementor-toggle-icon-opened{display:block}.elementor-toggle .elementor-tab-content{padding:15px;border-bottom:1px solid #d4d4d4;display:none}@media (max-width:767px){.elementor-toggle .elementor-tab-title{padding:12px}.elementor-toggle .elementor-tab-content{padding:12px 10px}}<\/style>\t\t<div class=\"elementor-toggle\" role=\"tablist\">\n\t\t\t\t\t\t\t<div class=\"elementor-toggle-item\">\n\t\t\t\t\t<div id=\"elementor-tab-title-1631\" class=\"elementor-tab-title\" data-tab=\"1\" role=\"tab\" aria-controls=\"elementor-tab-content-1631\" aria-expanded=\"false\">\n\t\t\t\t\t\t\t\t\t\t\t\t<span class=\"elementor-toggle-icon elementor-toggle-icon-right\" aria-hidden=\"true\">\n\t\t\t\t\t\t\t\t\t\t\t\t\t\t\t<span class=\"elementor-toggle-icon-closed\"><i class=\"fas fa-angle-double-down\"><\/i><\/span>\n\t\t\t\t\t\t\t\t<span class=\"elementor-toggle-icon-opened\"><i class=\"elementor-toggle-icon-opened fas fa-angle-double-up\"><\/i><\/span>\n\t\t\t\t\t\t\t\t\t\t\t\t\t<\/span>\n\t\t\t\t\t\t\t\t\t\t\t\t<a href=\"\" class=\"elementor-toggle-title\">Este \u00e9 um t\u00edtulo provis\u00f3rio e fict\u00edcio<\/a>\n\t\t\t\t\t<\/div>\n\n\t\t\t\t\t<div id=\"elementor-tab-content-1631\" class=\"elementor-tab-content elementor-clearfix\" data-tab=\"1\" role=\"tabpanel\" aria-labelledby=\"elementor-tab-title-1631\"><p>Este \u00e9 um texto meramente fict\u00edcio \u2013 que est\u00e1 sendo usado como demonstrativo do local que seus TEXTOS OFICIAIS ficar\u00e3o. \u00c9 de inteira responsabilidade do cliente que essas \u00e1reas sejam preenchidas com informa\u00e7\u00f5es repassadas ao SETOR DE CRIA\u00c7\u00c3O. Desconsidere o valor dessas informa\u00e7\u00f5es. Lembre-se: o preenchimento dessa \u00e1rea \u00e9 de responsabilidade do cliente.<\/p><\/div>\n\t\t\t\t<\/div>\n\t\t\t\t\t\t\t\t<\/div>\n\t\t\t\t<\/div>\n\t\t\t\t<\/div>\n\t\t\t\t<div class=\"elementor-element elementor-element-7b2c97d elementor-widget elementor-widget-toggle\" data-id=\"7b2c97d\" data-element_type=\"widget\" data-widget_type=\"toggle.default\">\n\t\t\t\t<div class=\"elementor-widget-container\">\n\t\t\t\t\t<div class=\"elementor-toggle\" role=\"tablist\">\n\t\t\t\t\t\t\t<div class=\"elementor-toggle-item\">\n\t\t\t\t\t<div id=\"elementor-tab-title-1291\" class=\"elementor-tab-title\" data-tab=\"1\" role=\"tab\" aria-controls=\"elementor-tab-content-1291\" aria-expanded=\"false\">\n\t\t\t\t\t\t\t\t\t\t\t\t<span class=\"elementor-toggle-icon elementor-toggle-icon-right\" aria-hidden=\"true\">\n\t\t\t\t\t\t\t\t\t\t\t\t\t\t\t<span class=\"elementor-toggle-icon-closed\"><i class=\"fas fa-angle-double-down\"><\/i><\/span>\n\t\t\t\t\t\t\t\t<span class=\"elementor-toggle-icon-opened\"><i class=\"elementor-toggle-icon-opened fas fa-angle-double-up\"><\/i><\/span>\n\t\t\t\t\t\t\t\t\t\t\t\t\t<\/span>\n\t\t\t\t\t\t\t\t\t\t\t\t<a href=\"\" class=\"elementor-toggle-title\">Este \u00e9 um t\u00edtulo provis\u00f3rio e fict\u00edcio<\/a>\n\t\t\t\t\t<\/div>\n\n\t\t\t\t\t<div id=\"elementor-tab-content-1291\" class=\"elementor-tab-content elementor-clearfix\" data-tab=\"1\" role=\"tabpanel\" aria-labelledby=\"elementor-tab-title-1291\"><p>Este \u00e9 um texto meramente fict\u00edcio \u2013 que est\u00e1 sendo usado como demonstrativo do local que seus TEXTOS OFICIAIS ficar\u00e3o. \u00c9 de inteira responsabilidade do cliente que essas \u00e1reas sejam preenchidas com informa\u00e7\u00f5es repassadas ao SETOR DE CRIA\u00c7\u00c3O. Desconsidere o valor dessas informa\u00e7\u00f5es. Lembre-se: o preenchimento dessa \u00e1rea \u00e9 de responsabilidade do cliente.<\/p><\/div>\n\t\t\t\t<\/div>\n\t\t\t\t\t\t\t\t<\/div>\n\t\t\t\t<\/div>\n\t\t\t\t<\/div>\n\t\t\t\t<div class=\"elementor-element elementor-element-3865cc6 elementor-widget elementor-widget-toggle\" data-id=\"3865cc6\" data-element_type=\"widget\" data-widget_type=\"toggle.default\">\n\t\t\t\t<div class=\"elementor-widget-container\">\n\t\t\t\t\t<div class=\"elementor-toggle\" role=\"tablist\">\n\t\t\t\t\t\t\t<div class=\"elementor-toggle-item\">\n\t\t\t\t\t<div id=\"elementor-tab-title-5911\" class=\"elementor-tab-title\" data-tab=\"1\" role=\"tab\" aria-controls=\"elementor-tab-content-5911\" aria-expanded=\"false\">\n\t\t\t\t\t\t\t\t\t\t\t\t<span class=\"elementor-toggle-icon elementor-toggle-icon-right\" aria-hidden=\"true\">\n\t\t\t\t\t\t\t\t\t\t\t\t\t\t\t<span class=\"elementor-toggle-icon-closed\"><i class=\"fas fa-angle-double-down\"><\/i><\/span>\n\t\t\t\t\t\t\t\t<span class=\"elementor-toggle-icon-opened\"><i class=\"elementor-toggle-icon-opened fas fa-angle-double-up\"><\/i><\/span>\n\t\t\t\t\t\t\t\t\t\t\t\t\t<\/span>\n\t\t\t\t\t\t\t\t\t\t\t\t<a href=\"\" class=\"elementor-toggle-title\">Este \u00e9 um t\u00edtulo provis\u00f3rio e fict\u00edcio<\/a>\n\t\t\t\t\t<\/div>\n\n\t\t\t\t\t<div id=\"elementor-tab-content-5911\" class=\"elementor-tab-content elementor-clearfix\" data-tab=\"1\" role=\"tabpanel\" aria-labelledby=\"elementor-tab-title-5911\"><p>Este \u00e9 um texto meramente fict\u00edcio \u2013 que est\u00e1 sendo usado como demonstrativo do local que seus TEXTOS OFICIAIS ficar\u00e3o. \u00c9 de inteira responsabilidade do cliente que essas \u00e1reas sejam preenchidas com informa\u00e7\u00f5es repassadas ao SETOR DE CRIA\u00c7\u00c3O. Desconsidere o valor dessas informa\u00e7\u00f5es. Lembre-se: o preenchimento dessa \u00e1rea \u00e9 de responsabilidade do cliente.<\/p><\/div>\n\t\t\t\t<\/div>\n\t\t\t\t\t\t\t\t<\/div>\n\t\t\t\t<\/div>\n\t\t\t\t<\/div>\n\t\t\t\t<div class=\"elementor-element elementor-element-9ef78f0 elementor-widget elementor-widget-toggle\" data-id=\"9ef78f0\" data-element_type=\"widget\" data-widget_type=\"toggle.default\">\n\t\t\t\t<div class=\"elementor-widget-container\">\n\t\t\t\t\t<div class=\"elementor-toggle\" role=\"tablist\">\n\t\t\t\t\t\t\t<div class=\"elementor-toggle-item\">\n\t\t\t\t\t<div id=\"elementor-tab-title-1661\" class=\"elementor-tab-title\" data-tab=\"1\" role=\"tab\" aria-controls=\"elementor-tab-content-1661\" aria-expanded=\"false\">\n\t\t\t\t\t\t\t\t\t\t\t\t<span class=\"elementor-toggle-icon elementor-toggle-icon-right\" aria-hidden=\"true\">\n\t\t\t\t\t\t\t\t\t\t\t\t\t\t\t<span class=\"elementor-toggle-icon-closed\"><i class=\"fas fa-angle-double-down\"><\/i><\/span>\n\t\t\t\t\t\t\t\t<span class=\"elementor-toggle-icon-opened\"><i class=\"elementor-toggle-icon-opened fas fa-angle-double-up\"><\/i><\/span>\n\t\t\t\t\t\t\t\t\t\t\t\t\t<\/span>\n\t\t\t\t\t\t\t\t\t\t\t\t<a href=\"\" class=\"elementor-toggle-title\">Este \u00e9 um t\u00edtulo provis\u00f3rio e fict\u00edcio<\/a>\n\t\t\t\t\t<\/div>\n\n\t\t\t\t\t<div id=\"elementor-tab-content-1661\" class=\"elementor-tab-content elementor-clearfix\" data-tab=\"1\" role=\"tabpanel\" aria-labelledby=\"elementor-tab-title-1661\"><p>Este \u00e9 um texto meramente fict\u00edcio \u2013 que est\u00e1 sendo usado como demonstrativo do local que seus TEXTOS OFICIAIS ficar\u00e3o. \u00c9 de inteira responsabilidade do cliente que essas \u00e1reas sejam preenchidas com informa\u00e7\u00f5es repassadas ao SETOR DE CRIA\u00c7\u00c3O. Desconsidere o valor dessas informa\u00e7\u00f5es. Lembre-se: o preenchimento dessa \u00e1rea \u00e9 de responsabilidade do cliente.<\/p><\/div>\n\t\t\t\t<\/div>\n\t\t\t\t\t\t\t\t<\/div>\n\t\t\t\t<\/div>\n\t\t\t\t<\/div>\n\t\t\t\t<div class=\"elementor-element elementor-element-3aabdca elementor-widget elementor-widget-toggle\" data-id=\"3aabdca\" data-element_type=\"widget\" data-widget_type=\"toggle.default\">\n\t\t\t\t<div class=\"elementor-widget-container\">\n\t\t\t\t\t<div class=\"elementor-toggle\" role=\"tablist\">\n\t\t\t\t\t\t\t<div class=\"elementor-toggle-item\">\n\t\t\t\t\t<div id=\"elementor-tab-title-6151\" class=\"elementor-tab-title\" data-tab=\"1\" role=\"tab\" aria-controls=\"elementor-tab-content-6151\" aria-expanded=\"false\">\n\t\t\t\t\t\t\t\t\t\t\t\t<span class=\"elementor-toggle-icon elementor-toggle-icon-right\" aria-hidden=\"true\">\n\t\t\t\t\t\t\t\t\t\t\t\t\t\t\t<span class=\"elementor-toggle-icon-closed\"><i class=\"fas fa-angle-double-down\"><\/i><\/span>\n\t\t\t\t\t\t\t\t<span class=\"elementor-toggle-icon-opened\"><i class=\"elementor-toggle-icon-opened fas fa-angle-double-up\"><\/i><\/span>\n\t\t\t\t\t\t\t\t\t\t\t\t\t<\/span>\n\t\t\t\t\t\t\t\t\t\t\t\t<a href=\"\" class=\"elementor-toggle-title\">Este \u00e9 um t\u00edtulo provis\u00f3rio e fict\u00edcio<\/a>\n\t\t\t\t\t<\/div>\n\n\t\t\t\t\t<div id=\"elementor-tab-content-6151\" class=\"elementor-tab-content elementor-clearfix\" data-tab=\"1\" role=\"tabpanel\" aria-labelledby=\"elementor-tab-title-6151\"><p>Este \u00e9 um texto meramente fict\u00edcio \u2013 que est\u00e1 sendo usado como demonstrativo do local que seus TEXTOS OFICIAIS ficar\u00e3o. \u00c9 de inteira responsabilidade do cliente que essas \u00e1reas sejam preenchidas com informa\u00e7\u00f5es repassadas ao SETOR DE CRIA\u00c7\u00c3O. Desconsidere o valor dessas informa\u00e7\u00f5es. Lembre-se: o preenchimento dessa \u00e1rea \u00e9 de responsabilidade do cliente.<\/p><\/div>\n\t\t\t\t<\/div>\n\t\t\t\t\t\t\t\t<\/div>\n\t\t\t\t<\/div>\n\t\t\t\t<\/div>\n\t\t\t\t\t<\/div>\n\t\t<\/div>\n\t\t\t\t\t\t\t<\/div>\n\t\t<\/section>\n\t\t\t\t\t<\/div>\n\t\t<\/div>\n\t\t\t\t\t\t\t<\/div>\n\t\t<\/section>\n\t\t\t\t\t\t\t<\/div>\n\t\t","protected":false},"excerpt":{"rendered":"<p>D\u00favidas Frequentes Este \u00e9 um t\u00edtulo provis\u00f3rio e fict\u00edcio Este \u00e9 um texto meramente fict\u00edcio \u2013 que est\u00e1 sendo usado como demonstrativo do local que seus TEXTOS OFICIAIS ficar\u00e3o. \u00c9 de inteira responsabilidade do cliente que essas \u00e1reas sejam preenchidas com informa\u00e7\u00f5es repassadas ao SETOR DE CRIA\u00c7\u00c3O. Desconsidere o valor dessas informa\u00e7\u00f5es. Lembre-se: o preenchimento [&hellip;]<\/p>\n","protected":false},"author":1,"featured_media":0,"parent":0,"menu_order":0,"comment_status":"closed","ping_status":"closed","template":"elementor_header_footer","meta":{"footnotes":""},"class_list":["post-174","page","type-page","status-publish","hentry"],"acf":[],"yoast_head":"<!-- This site is optimized with the Yoast SEO plugin v18.5.1 - https:\/\/yoast.com\/wordpress\/plugins\/seo\/ -->\n<title>D\u00favidas Frequentes - Amor por Patas<\/title>\n<meta name=\"robots\" content=\"index, follow, max-snippet:-1, max-image-preview:large, max-video-preview:-1\" \/>\n<link rel=\"canonical\" href=\"https:\/\/www.agencialiderdigital.dev.br\/projetos\/amor-por-patas\/duvidas-frequentes\/\" \/>\n<meta property=\"og:locale\" content=\"pt_BR\" \/>\n<meta property=\"og:type\" content=\"article\" \/>\n<meta property=\"og:title\" content=\"D\u00favidas Frequentes - Amor por Patas\" \/>\n<meta property=\"og:description\" content=\"D\u00favidas Frequentes Este \u00e9 um t\u00edtulo provis\u00f3rio e fict\u00edcio Este \u00e9 um texto meramente fict\u00edcio \u2013 que est\u00e1 sendo usado como demonstrativo do local que seus TEXTOS OFICIAIS ficar\u00e3o. \u00c9 de inteira responsabilidade do cliente que essas \u00e1reas sejam preenchidas com informa\u00e7\u00f5es repassadas ao SETOR DE CRIA\u00c7\u00c3O. Desconsidere o valor dessas informa\u00e7\u00f5es. Lembre-se: o preenchimento [&hellip;]\" \/>\n<meta property=\"og:url\" content=\"https:\/\/www.agencialiderdigital.dev.br\/projetos\/amor-por-patas\/duvidas-frequentes\/\" \/>\n<meta property=\"og:site_name\" content=\"Amor por Patas\" \/>\n<meta property=\"article:modified_time\" content=\"2022-03-31T17:11:40+00:00\" \/>\n<meta name=\"twitter:card\" content=\"summary_large_image\" \/>\n<meta name=\"twitter:label1\" content=\"Est. tempo de leitura\" \/>\n\t<meta name=\"twitter:data1\" content=\"2 minutos\" \/>\n<script type=\"application\/ld+json\" class=\"yoast-schema-graph\">{\"@context\":\"https:\/\/schema.org\",\"@graph\":[{\"@type\":\"WebSite\",\"@id\":\"https:\/\/www.agencialiderdigital.dev.br\/projetos\/amor-por-patas\/#website\",\"url\":\"https:\/\/www.agencialiderdigital.dev.br\/projetos\/amor-por-patas\/\",\"name\":\"Amor por Patas\",\"description\":\"Amor por Patas\",\"potentialAction\":[{\"@type\":\"SearchAction\",\"target\":{\"@type\":\"EntryPoint\",\"urlTemplate\":\"https:\/\/www.agencialiderdigital.dev.br\/projetos\/amor-por-patas\/?s={search_term_string}\"},\"query-input\":\"required name=search_term_string\"}],\"inLanguage\":\"pt-BR\"},{\"@type\":\"WebPage\",\"@id\":\"https:\/\/www.agencialiderdigital.dev.br\/projetos\/amor-por-patas\/duvidas-frequentes\/#webpage\",\"url\":\"https:\/\/www.agencialiderdigital.dev.br\/projetos\/amor-por-patas\/duvidas-frequentes\/\",\"name\":\"D\u00favidas Frequentes - Amor por Patas\",\"isPartOf\":{\"@id\":\"https:\/\/www.agencialiderdigital.dev.br\/projetos\/amor-por-patas\/#website\"},\"datePublished\":\"2022-03-31T12:10:59+00:00\",\"dateModified\":\"2022-03-31T17:11:40+00:00\",\"breadcrumb\":{\"@id\":\"https:\/\/www.agencialiderdigital.dev.br\/projetos\/amor-por-patas\/duvidas-frequentes\/#breadcrumb\"},\"inLanguage\":\"pt-BR\",\"potentialAction\":[{\"@type\":\"ReadAction\",\"target\":[\"https:\/\/www.agencialiderdigital.dev.br\/projetos\/amor-por-patas\/duvidas-frequentes\/\"]}]},{\"@type\":\"BreadcrumbList\",\"@id\":\"https:\/\/www.agencialiderdigital.dev.br\/projetos\/amor-por-patas\/duvidas-frequentes\/#breadcrumb\",\"itemListElement\":[{\"@type\":\"ListItem\",\"position\":1,\"name\":\"Home\",\"item\":\"https:\/\/www.agencialiderdigital.dev.br\/projetos\/amor-por-patas\/\"},{\"@type\":\"ListItem\",\"position\":2,\"name\":\"D\u00favidas Frequentes\"}]}]}<\/script>\n<!-- \/ Yoast SEO plugin. -->","yoast_head_json":{"title":"D\u00favidas Frequentes - Amor por Patas","robots":{"index":"index","follow":"follow","max-snippet":"max-snippet:-1","max-image-preview":"max-image-preview:large","max-video-preview":"max-video-preview:-1"},"canonical":"https:\/\/www.agencialiderdigital.dev.br\/projetos\/amor-por-patas\/duvidas-frequentes\/","og_locale":"pt_BR","og_type":"article","og_title":"D\u00favidas Frequentes - Amor por Patas","og_description":"D\u00favidas Frequentes Este \u00e9 um t\u00edtulo provis\u00f3rio e fict\u00edcio Este \u00e9 um texto meramente fict\u00edcio \u2013 que est\u00e1 sendo usado como demonstrativo do local que seus TEXTOS OFICIAIS ficar\u00e3o. \u00c9 de inteira responsabilidade do cliente que essas \u00e1reas sejam preenchidas com informa\u00e7\u00f5es repassadas ao SETOR DE CRIA\u00c7\u00c3O. Desconsidere o valor dessas informa\u00e7\u00f5es. Lembre-se: o preenchimento [&hellip;]","og_url":"https:\/\/www.agencialiderdigital.dev.br\/projetos\/amor-por-patas\/duvidas-frequentes\/","og_site_name":"Amor por Patas","article_modified_time":"2022-03-31T17:11:40+00:00","twitter_card":"summary_large_image","twitter_misc":{"Est. tempo de leitura":"2 minutos"},"schema":{"@context":"https:\/\/schema.org","@graph":[{"@type":"WebSite","@id":"https:\/\/www.agencialiderdigital.dev.br\/projetos\/amor-por-patas\/#website","url":"https:\/\/www.agencialiderdigital.dev.br\/projetos\/amor-por-patas\/","name":"Amor por Patas","description":"Amor por Patas","potentialAction":[{"@type":"SearchAction","target":{"@type":"EntryPoint","urlTemplate":"https:\/\/www.agencialiderdigital.dev.br\/projetos\/amor-por-patas\/?s={search_term_string}"},"query-input":"required name=search_term_string"}],"inLanguage":"pt-BR"},{"@type":"WebPage","@id":"https:\/\/www.agencialiderdigital.dev.br\/projetos\/amor-por-patas\/duvidas-frequentes\/#webpage","url":"https:\/\/www.agencialiderdigital.dev.br\/projetos\/amor-por-patas\/duvidas-frequentes\/","name":"D\u00favidas Frequentes - Amor por Patas","isPartOf":{"@id":"https:\/\/www.agencialiderdigital.dev.br\/projetos\/amor-por-patas\/#website"},"datePublished":"2022-03-31T12:10:59+00:00","dateModified":"2022-03-31T17:11:40+00:00","breadcrumb":{"@id":"https:\/\/www.agencialiderdigital.dev.br\/projetos\/amor-por-patas\/duvidas-frequentes\/#breadcrumb"},"inLanguage":"pt-BR","potentialAction":[{"@type":"ReadAction","target":["https:\/\/www.agencialiderdigital.dev.br\/projetos\/amor-por-patas\/duvidas-frequentes\/"]}]},{"@type":"BreadcrumbList","@id":"https:\/\/www.agencialiderdigital.dev.br\/projetos\/amor-por-patas\/duvidas-frequentes\/#breadcrumb","itemListElement":[{"@type":"ListItem","position":1,"name":"Home","item":"https:\/\/www.agencialiderdigital.dev.br\/projetos\/amor-por-patas\/"},{"@type":"ListItem","position":2,"name":"D\u00favidas Frequentes"}]}]}},"_links":{"self":[{"href":"https:\/\/www.agencialiderdigital.dev.br\/projetos\/amor-por-patas\/wp-json\/wp\/v2\/pages\/174","targetHints":{"allow":["GET"]}}],"collection":[{"href":"https:\/\/www.agencialiderdigital.dev.br\/projetos\/amor-por-patas\/wp-json\/wp\/v2\/pages"}],"about":[{"href":"https:\/\/www.agencialiderdigital.dev.br\/projetos\/amor-por-patas\/wp-json\/wp\/v2\/types\/page"}],"author":[{"embeddable":true,"href":"https:\/\/www.agencialiderdigital.dev.br\/projetos\/amor-por-patas\/wp-json\/wp\/v2\/users\/1"}],"replies":[{"embeddable":true,"href":"https:\/\/www.agencialiderdigital.dev.br\/projetos\/amor-por-patas\/wp-json\/wp\/v2\/comments?post=174"}],"version-history":[{"count":13,"href":"https:\/\/www.agencialiderdigital.dev.br\/projetos\/amor-por-patas\/wp-json\/wp\/v2\/pages\/174\/revisions"}],"predecessor-version":[{"id":380,"href":"https:\/\/www.agencialiderdigital.dev.br\/projetos\/amor-por-patas\/wp-json\/wp\/v2\/pages\/174\/revisions\/380"}],"wp:attachment":[{"href":"https:\/\/www.agencialiderdigital.dev.br\/projetos\/amor-por-patas\/wp-json\/wp\/v2\/media?parent=174"}],"curies":[{"name":"wp","href":"https:\/\/api.w.org\/{rel}","templated":true}]}}